{"id":3203,"date":"2021-09-25T12:43:56","date_gmt":"2021-09-25T12:43:56","guid":{"rendered":"https:\/\/afriquecreative.fr\/?page_id=3203"},"modified":"2024-04-17T13:35:32","modified_gmt":"2024-04-17T13:35:32","slug":"1st-edition-africa-creative-capitalization","status":"publish","type":"page","link":"https:\/\/afriquecreative.fr\/en\/afrique-creative-partenaire-de-talents\/1ere-edition-afrique-creative-capitalisation\/","title":{"rendered":"1st edition Creative Africa \u2013 Capitalization"},"content":{"rendered":"<div data-elementor-type=\"wp-page\" data-elementor-id=\"3203\" class=\"elementor elementor-3203\" data-elementor-post-type=\"page\">\n\t\t\t\t<div class=\"elementor-element elementor-element-5894897c e-flex e-con-boxed e-con e-parent\" data-id=\"5894897c\" data-element_type=\"container\" data-e-type=\"container\">\n\t\t\t\t\t<div class=\"e-con-inner\">\n\t\t\t\t<div class=\"elementor-element elementor-element-63cbe75 elementor-widget elementor-widget-text-editor\" data-id=\"63cbe75\" data-element_type=\"widget\" data-e-type=\"widget\" data-widget_type=\"text-editor.default\">\n\t\t\t\t\t\t\t\t\t<p>Learn more about the first edition of the Creative Africa program (2019-2021). Download our capitalization booklet!<\/p>\t\t\t\t\t\t\t\t<\/div>\n\t\t\t\t<div class=\"elementor-element elementor-element-779e8be elementor-align-center elementor-widget elementor-widget-button\" data-id=\"779e8be\" data-element_type=\"widget\" data-e-type=\"widget\" data-widget_type=\"button.default\">\n\t\t\t\t\t\t\t\t\t\t<a class=\"elementor-button elementor-button-link elementor-size-sm\" href=\"https:\/\/afriquecreative.fr\/wp-content\/uploads\/2024\/04\/Livret-AC1_EN.pdf\" target=\"_blank\">\n\t\t\t\t\t\t<span class=\"elementor-button-content-wrapper\">\n\t\t\t\t\t\t\t\t\t<span class=\"elementor-button-text\">FRENCH<\/span>\n\t\t\t\t\t<\/span>\n\t\t\t\t\t<\/a>\n\t\t\t\t\t\t\t\t<\/div>\n\t\t\t\t<div class=\"elementor-element elementor-element-45ee138 elementor-align-center elementor-widget elementor-widget-button\" data-id=\"45ee138\" data-element_type=\"widget\" data-e-type=\"widget\" data-widget_type=\"button.default\">\n\t\t\t\t\t\t\t\t\t\t<a class=\"elementor-button elementor-button-link elementor-size-sm\" href=\"https:\/\/afriquecreative.fr\/wp-content\/uploads\/2024\/04\/Livret-AC1_EN.pdf\" target=\"_blank\">\n\t\t\t\t\t\t<span class=\"elementor-button-content-wrapper\">\n\t\t\t\t\t\t\t\t\t<span class=\"elementor-button-text\">ENGLISH<\/span>\n\t\t\t\t\t<\/span>\n\t\t\t\t\t<\/a>\n\t\t\t\t\t\t\t\t<\/div>\n\t\t\t\t<div class=\"elementor-element elementor-element-3fb4bb9e elementor-widget elementor-widget-text-editor\" data-id=\"3fb4bb9e\" data-element_type=\"widget\" data-e-type=\"widget\" data-widget_type=\"text-editor.default\">\n\t\t\t\t\t\t\t\t\t\n<div>\u00a0<\/div>\n<p><div class=\"_df_book df-lite\" id=\"df_3196\"  _slug=\"\" data-title=\"1ere-edition-afrique-creative-capitalisation\" wpoptions=\"true\" thumbtype=\"\" ><\/div>\n<p><script class=\"df-shortcode-script\" nowprocket type=\"application\/javascript\">window.option_df_3196 = {\"outline\":[],\"autoEnableOutline\":\"false\",\"autoEnableThumbnail\":\"false\",\"overwritePDFOutline\":\"false\",\"direction\":\"1\",\"pageSize\":\"0\",\"source\":\"https:\\\/\\\/afriquecreative.fr\\\/wp-content\\\/uploads\\\/2021\\\/09\\\/Livret_Capitalisation_AC_FR.pdf\",\"wpOptions\":\"true\"}; if(window.DFLIP && window.DFLIP.parseBooks){window.DFLIP.parseBooks();}<\/script><\/p>\n\t\t\t\t\t\t\t\t<\/div>\n\t\t\t\t\t<\/div>\n\t\t\t\t<\/div>\n\t\t\t\t<\/div>","protected":false},"excerpt":{"rendered":"<p>Learn more about the first edition of the Creative Africa program (2019-2021). Download our capitalization booklet! FR version EN VERSION \u00a0<\/p>","protected":false},"author":6,"featured_media":0,"parent":1932,"menu_order":1,"comment_status":"closed","ping_status":"closed","template":"","meta":{"_acf_changed":false,"footnotes":""},"class_list":["post-3203","page","type-page","status-publish","hentry"],"acf":[],"yoast_head":"<!-- This site is optimized with the Yoast SEO plugin v27.4 - https:\/\/yoast.com\/product\/yoast-seo-wordpress\/ -->\n<title>1\u00e8re \u00e9dition Afrique Cr\u00e9ative - Capitalisation - Afrique cr\u00e9ative<\/title>\n<meta name=\"robots\" content=\"index, follow, max-snippet:-1, max-image-preview:large, max-video-preview:-1\" \/>\n<link rel=\"canonical\" href=\"https:\/\/afriquecreative.fr\/en\/africa-creative-talent-partner\/1st-edition-africa-creative-capitalization\/\" \/>\n<meta property=\"og:locale\" content=\"en_GB\" \/>\n<meta property=\"og:type\" content=\"article\" \/>\n<meta property=\"og:title\" content=\"1\u00e8re \u00e9dition Afrique Cr\u00e9ative - Capitalisation - Afrique cr\u00e9ative\" \/>\n<meta property=\"og:description\" content=\"Apprenez en plus sur la premi\u00e8re \u00e9dition du programme Afrique Cr\u00e9ative (2019-2021). T\u00e9l\u00e9chargez notre livret de capitalisation ! Version FR VERSION EN \u00a0\" \/>\n<meta property=\"og:url\" content=\"https:\/\/afriquecreative.fr\/en\/africa-creative-talent-partner\/1st-edition-africa-creative-capitalization\/\" \/>\n<meta property=\"og:site_name\" content=\"Afrique cr\u00e9ative\" \/>\n<meta property=\"article:publisher\" content=\"https:\/\/www.facebook.com\/afriquecreative\/\" \/>\n<meta property=\"article:modified_time\" content=\"2024-04-17T13:35:32+00:00\" \/>\n<meta name=\"twitter:card\" content=\"summary_large_image\" \/>\n<meta name=\"twitter:label1\" content=\"Estimated reading time\" \/>\n\t<meta name=\"twitter:data1\" content=\"1 minute\" \/>\n<script type=\"application\/ld+json\" class=\"yoast-schema-graph\">{\"@context\":\"https:\\\/\\\/schema.org\",\"@graph\":[{\"@type\":\"WebPage\",\"@id\":\"https:\\\/\\\/afriquecreative.fr\\\/afrique-creative-partenaire-de-talents\\\/1ere-edition-afrique-creative-capitalisation\\\/\",\"url\":\"https:\\\/\\\/afriquecreative.fr\\\/afrique-creative-partenaire-de-talents\\\/1ere-edition-afrique-creative-capitalisation\\\/\",\"name\":\"1\u00e8re \u00e9dition Afrique Cr\u00e9ative - Capitalisation - Afrique cr\u00e9ative\",\"isPartOf\":{\"@id\":\"http:\\\/\\\/afriquecreative.fr\\\/#website\"},\"datePublished\":\"2021-09-25T12:43:56+00:00\",\"dateModified\":\"2024-04-17T13:35:32+00:00\",\"breadcrumb\":{\"@id\":\"https:\\\/\\\/afriquecreative.fr\\\/afrique-creative-partenaire-de-talents\\\/1ere-edition-afrique-creative-capitalisation\\\/#breadcrumb\"},\"inLanguage\":\"en-GB\",\"potentialAction\":[{\"@type\":\"ReadAction\",\"target\":[\"https:\\\/\\\/afriquecreative.fr\\\/afrique-creative-partenaire-de-talents\\\/1ere-edition-afrique-creative-capitalisation\\\/\"]}]},{\"@type\":\"BreadcrumbList\",\"@id\":\"https:\\\/\\\/afriquecreative.fr\\\/afrique-creative-partenaire-de-talents\\\/1ere-edition-afrique-creative-capitalisation\\\/#breadcrumb\",\"itemListElement\":[{\"@type\":\"ListItem\",\"position\":1,\"name\":\"Accueil\",\"item\":\"http:\\\/\\\/afriquecreative.fr\\\/\"},{\"@type\":\"ListItem\",\"position\":2,\"name\":\"2021 Afrique Cr\u00e9ative &#8211; Partenaire de talents\",\"item\":\"https:\\\/\\\/afriquecreative.fr\\\/afrique-creative-partenaire-de-talents\\\/\"},{\"@type\":\"ListItem\",\"position\":3,\"name\":\"1\u00e8re \u00e9dition Afrique Cr\u00e9ative &#8211; Capitalisation\"}]},{\"@type\":\"WebSite\",\"@id\":\"http:\\\/\\\/afriquecreative.fr\\\/#website\",\"url\":\"http:\\\/\\\/afriquecreative.fr\\\/\",\"name\":\"Afrique cr\u00e9ative\",\"description\":\"Partenaire de talents\",\"publisher\":{\"@id\":\"http:\\\/\\\/afriquecreative.fr\\\/#organization\"},\"potentialAction\":[{\"@type\":\"SearchAction\",\"target\":{\"@type\":\"EntryPoint\",\"urlTemplate\":\"http:\\\/\\\/afriquecreative.fr\\\/?s={search_term_string}\"},\"query-input\":{\"@type\":\"PropertyValueSpecification\",\"valueRequired\":true,\"valueName\":\"search_term_string\"}}],\"inLanguage\":\"en-GB\"},{\"@type\":\"Organization\",\"@id\":\"http:\\\/\\\/afriquecreative.fr\\\/#organization\",\"name\":\"Afrique Cr\u00e9ative\",\"url\":\"http:\\\/\\\/afriquecreative.fr\\\/\",\"logo\":{\"@type\":\"ImageObject\",\"inLanguage\":\"en-GB\",\"@id\":\"http:\\\/\\\/afriquecreative.fr\\\/#\\\/schema\\\/logo\\\/image\\\/\",\"url\":\"https:\\\/\\\/afriquecreative.fr\\\/wp-content\\\/uploads\\\/2021\\\/04\\\/logo-lg.svg\",\"contentUrl\":\"https:\\\/\\\/afriquecreative.fr\\\/wp-content\\\/uploads\\\/2021\\\/04\\\/logo-lg.svg\",\"width\":1,\"height\":1,\"caption\":\"Afrique Cr\u00e9ative\"},\"image\":{\"@id\":\"http:\\\/\\\/afriquecreative.fr\\\/#\\\/schema\\\/logo\\\/image\\\/\"},\"sameAs\":[\"https:\\\/\\\/www.facebook.com\\\/afriquecreative\\\/\",\"https:\\\/\\\/www.instagram.com\\\/afrique.creative\\\/?hl=en\"]}]}<\/script>\n<!-- \/ Yoast SEO plugin. -->","yoast_head_json":{"title":"1st edition Creative Africa - Capitalization - Creative Africa","robots":{"index":"index","follow":"follow","max-snippet":"max-snippet:-1","max-image-preview":"max-image-preview:large","max-video-preview":"max-video-preview:-1"},"canonical":"https:\/\/afriquecreative.fr\/en\/africa-creative-talent-partner\/1st-edition-africa-creative-capitalization\/","og_locale":"en_GB","og_type":"article","og_title":"1\u00e8re \u00e9dition Afrique Cr\u00e9ative - Capitalisation - Afrique cr\u00e9ative","og_description":"Apprenez en plus sur la premi\u00e8re \u00e9dition du programme Afrique Cr\u00e9ative (2019-2021). T\u00e9l\u00e9chargez notre livret de capitalisation ! Version FR VERSION EN \u00a0","og_url":"https:\/\/afriquecreative.fr\/en\/africa-creative-talent-partner\/1st-edition-africa-creative-capitalization\/","og_site_name":"Afrique cr\u00e9ative","article_publisher":"https:\/\/www.facebook.com\/afriquecreative\/","article_modified_time":"2024-04-17T13:35:32+00:00","twitter_card":"summary_large_image","twitter_misc":{"Estimated reading time":"1 minute"},"schema":{"@context":"https:\/\/schema.org","@graph":[{"@type":"WebPage","@id":"https:\/\/afriquecreative.fr\/afrique-creative-partenaire-de-talents\/1ere-edition-afrique-creative-capitalisation\/","url":"https:\/\/afriquecreative.fr\/afrique-creative-partenaire-de-talents\/1ere-edition-afrique-creative-capitalisation\/","name":"1st edition Creative Africa - Capitalization - Creative Africa","isPartOf":{"@id":"http:\/\/afriquecreative.fr\/#website"},"datePublished":"2021-09-25T12:43:56+00:00","dateModified":"2024-04-17T13:35:32+00:00","breadcrumb":{"@id":"https:\/\/afriquecreative.fr\/afrique-creative-partenaire-de-talents\/1ere-edition-afrique-creative-capitalisation\/#breadcrumb"},"inLanguage":"en-GB","potentialAction":[{"@type":"ReadAction","target":["https:\/\/afriquecreative.fr\/afrique-creative-partenaire-de-talents\/1ere-edition-afrique-creative-capitalisation\/"]}]},{"@type":"BreadcrumbList","@id":"https:\/\/afriquecreative.fr\/afrique-creative-partenaire-de-talents\/1ere-edition-afrique-creative-capitalisation\/#breadcrumb","itemListElement":[{"@type":"ListItem","position":1,"name":"Accueil","item":"http:\/\/afriquecreative.fr\/"},{"@type":"ListItem","position":2,"name":"2021 Afrique Cr\u00e9ative &#8211; Partenaire de talents","item":"https:\/\/afriquecreative.fr\/afrique-creative-partenaire-de-talents\/"},{"@type":"ListItem","position":3,"name":"1\u00e8re \u00e9dition Afrique Cr\u00e9ative &#8211; Capitalisation"}]},{"@type":"WebSite","@id":"http:\/\/afriquecreative.fr\/#website","url":"http:\/\/afriquecreative.fr\/","name":"Creative Africa","description":"Talent Partner","publisher":{"@id":"http:\/\/afriquecreative.fr\/#organization"},"potentialAction":[{"@type":"SearchAction","target":{"@type":"EntryPoint","urlTemplate":"http:\/\/afriquecreative.fr\/?s={search_term_string}"},"query-input":{"@type":"PropertyValueSpecification","valueRequired":true,"valueName":"search_term_string"}}],"inLanguage":"en-GB"},{"@type":"Organization","@id":"http:\/\/afriquecreative.fr\/#organization","name":"Creative Africa","url":"http:\/\/afriquecreative.fr\/","logo":{"@type":"ImageObject","inLanguage":"en-GB","@id":"http:\/\/afriquecreative.fr\/#\/schema\/logo\/image\/","url":"https:\/\/afriquecreative.fr\/wp-content\/uploads\/2021\/04\/logo-lg.svg","contentUrl":"https:\/\/afriquecreative.fr\/wp-content\/uploads\/2021\/04\/logo-lg.svg","width":1,"height":1,"caption":"Afrique Cr\u00e9ative"},"image":{"@id":"http:\/\/afriquecreative.fr\/#\/schema\/logo\/image\/"},"sameAs":["https:\/\/www.facebook.com\/afriquecreative\/","https:\/\/www.instagram.com\/afrique.creative\/?hl=en"]}]}},"_links":{"self":[{"href":"https:\/\/afriquecreative.fr\/en\/wp-json\/wp\/v2\/pages\/3203","targetHints":{"allow":["GET"]}}],"collection":[{"href":"https:\/\/afriquecreative.fr\/en\/wp-json\/wp\/v2\/pages"}],"about":[{"href":"https:\/\/afriquecreative.fr\/en\/wp-json\/wp\/v2\/types\/page"}],"author":[{"embeddable":true,"href":"https:\/\/afriquecreative.fr\/en\/wp-json\/wp\/v2\/users\/6"}],"replies":[{"embeddable":true,"href":"https:\/\/afriquecreative.fr\/en\/wp-json\/wp\/v2\/comments?post=3203"}],"version-history":[{"count":0,"href":"https:\/\/afriquecreative.fr\/en\/wp-json\/wp\/v2\/pages\/3203\/revisions"}],"up":[{"embeddable":true,"href":"https:\/\/afriquecreative.fr\/en\/wp-json\/wp\/v2\/pages\/1932"}],"wp:attachment":[{"href":"https:\/\/afriquecreative.fr\/en\/wp-json\/wp\/v2\/media?parent=3203"}],"curies":[{"name":"wp","href":"https:\/\/api.w.org\/{rel}","templated":true}]}}