{"id":3207,"date":"2021-09-25T12:45:04","date_gmt":"2021-09-25T12:45:04","guid":{"rendered":"https:\/\/afriquecreative.fr\/?page_id=3207"},"modified":"2026-01-09T11:30:45","modified_gmt":"2026-01-09T11:30:45","slug":"invest-in-african-cultural-and-creative-industries","status":"publish","type":"page","link":"https:\/\/afriquecreative.fr\/en\/afrique-creative-partenaire-de-talents\/investir-dans-les-industries-culturelles-et-creatives-africaines\/","title":{"rendered":"INVEST IN AFRICAN CULTURAL AND CREATIVE INDUSTRIES"},"content":{"rendered":"<div data-elementor-type=\"wp-page\" data-elementor-id=\"3207\" class=\"elementor elementor-3207\" data-elementor-post-type=\"page\">\n\t\t\t\t<div class=\"elementor-element elementor-element-64e87332 e-flex e-con-boxed e-con e-parent\" data-id=\"64e87332\" data-element_type=\"container\" data-e-type=\"container\">\n\t\t\t\t\t<div class=\"e-con-inner\">\n\t\t\t\t<div class=\"elementor-element elementor-element-14c891c7 elementor-widget elementor-widget-text-editor\" data-id=\"14c891c7\" data-element_type=\"widget\" data-e-type=\"widget\" data-widget_type=\"text-editor.default\">\n\t\t\t\t\t\t\t\t\t<p>Cultural and creative industries (CCIs) represent a powerful lever for the continent&#039;s transformation, provided they are equipped with the necessary financial resources, skills, and infrastructure. Convinced of this potential, Creative Africa and the French Development Agency (AFD) hope to encourage a broader community of investors and business partners to engage in this strategic sector.<\/p><p>Creative Africa has thus published two advocacy booklets:<\/p><ol><li>Investing in African CCIs \u2013 2021<\/li><li>What&#039;s next for investment in African CCIs? \u2013 2025<\/li><\/ol><p><!-- \/wp:file --><\/p>\t\t\t\t\t\t\t\t<\/div>\n\t\t\t\t\t<\/div>\n\t\t\t\t<\/div>\n\t\t<div class=\"elementor-element elementor-element-1be3c9c e-flex e-con-boxed e-con e-parent\" data-id=\"1be3c9c\" data-element_type=\"container\" data-e-type=\"container\">\n\t\t\t\t\t<div class=\"e-con-inner\">\n\t\t<div class=\"elementor-element elementor-element-395d09f e-con-full e-flex e-con e-child\" data-id=\"395d09f\" data-element_type=\"container\" data-e-type=\"container\">\n\t\t<div class=\"elementor-element elementor-element-8f0ac16 e-grid e-con-full e-con e-child\" data-id=\"8f0ac16\" data-element_type=\"container\" data-e-type=\"container\">\n\t\t\t\t<div class=\"elementor-element elementor-element-84a0849 elementor-widget elementor-widget-text-editor\" data-id=\"84a0849\" data-element_type=\"widget\" data-e-type=\"widget\" data-widget_type=\"text-editor.default\">\n\t\t\t\t\t\t\t\t\t<p>The first study, published in 2021, presents four key arguments explaining how investment in cultural and creative industries (CCIs) generates far-reaching economic, social, and cultural impacts. It also addresses the main characteristics of the CCI sector to help investors better understand it. Finally, this study explores the future path forward for CCI investments after the COVID-19 crisis.<\/p>\n<p>Learn more by downloading the booklet below.<\/p>\t\t\t\t\t\t\t\t<\/div>\n\t\t\t\t<div class=\"elementor-element elementor-element-81e24e4 elementor-widget elementor-widget-image\" data-id=\"81e24e4\" data-element_type=\"widget\" data-e-type=\"widget\" data-widget_type=\"image.default\">\n\t\t\t\t\t\t\t\t\t\t\t\t\t\t\t<img fetchpriority=\"high\" decoding=\"async\" width=\"490\" height=\"691\" src=\"https:\/\/afriquecreative.fr\/wp-content\/uploads\/2024\/04\/PublicationInvestirICC.jpg\" class=\"attachment-large size-large wp-image-7846\" alt=\"\" srcset=\"https:\/\/afriquecreative.fr\/wp-content\/uploads\/2024\/04\/PublicationInvestirICC.jpg 490w, https:\/\/afriquecreative.fr\/wp-content\/uploads\/2024\/04\/PublicationInvestirICC-213x300.jpg 213w, https:\/\/afriquecreative.fr\/wp-content\/uploads\/2024\/04\/PublicationInvestirICC-9x12.jpg 9w\" sizes=\"(max-width: 490px) 100vw, 490px\" \/>\t\t\t\t\t\t\t\t\t\t\t\t\t\t\t<\/div>\n\t\t\t\t<\/div>\n\t\t<div class=\"elementor-element elementor-element-94847f3 e-grid e-con-full e-con e-child\" data-id=\"94847f3\" data-element_type=\"container\" data-e-type=\"container\">\n\t\t\t\t<div class=\"elementor-element elementor-element-3f2f83a elementor-align-center elementor-widget elementor-widget-button\" data-id=\"3f2f83a\" data-element_type=\"widget\" data-e-type=\"widget\" data-widget_type=\"button.default\">\n\t\t\t\t\t\t\t\t\t\t<a class=\"elementor-button elementor-button-link elementor-size-sm\" href=\"https:\/\/afriquecreative.fr\/wp-content\/uploads\/2021\/10\/ac-leaflet-en-light.pdf\">\n\t\t\t\t\t\t<span class=\"elementor-button-content-wrapper\">\n\t\t\t\t\t\t\t\t\t<span class=\"elementor-button-text\">FR VERSION<\/span>\n\t\t\t\t\t<\/span>\n\t\t\t\t\t<\/a>\n\t\t\t\t\t\t\t\t<\/div>\n\t\t\t\t<div class=\"elementor-element elementor-element-aa33a10 elementor-align-center elementor-widget elementor-widget-button\" data-id=\"aa33a10\" data-element_type=\"widget\" data-e-type=\"widget\" data-widget_type=\"button.default\">\n\t\t\t\t\t\t\t\t\t\t<a class=\"elementor-button elementor-button-link elementor-size-sm\" href=\"https:\/\/afriquecreative.fr\/wp-content\/uploads\/2021\/10\/ac-leaflet-en-light.pdf\">\n\t\t\t\t\t\t<span class=\"elementor-button-content-wrapper\">\n\t\t\t\t\t\t\t\t\t<span class=\"elementor-button-text\">IN VERSION<\/span>\n\t\t\t\t\t<\/span>\n\t\t\t\t\t<\/a>\n\t\t\t\t\t\t\t\t<\/div>\n\t\t\t\t<\/div>\n\t\t<div class=\"elementor-element elementor-element-b906cfd e-grid e-con-full e-con e-child\" data-id=\"b906cfd\" data-element_type=\"container\" data-e-type=\"container\">\n\t\t\t\t<div class=\"elementor-element elementor-element-4681a39 elementor-widget elementor-widget-text-editor\" data-id=\"4681a39\" data-element_type=\"widget\" data-e-type=\"widget\" data-widget_type=\"text-editor.default\">\n\t\t\t\t\t\t\t\t\t<p>The second report, published in 2025, reviews the latest developments in the cultural and creative industries (CCIs) sector and their growing success. It also outlines the opportunities and challenges ahead to ensure that African CCIs have access to the investments needed to reach their full potential.\u00a0<\/p>\n<p>Learn more by downloading the booklet below.<\/p>\t\t\t\t\t\t\t\t<\/div>\n\t\t\t\t<div class=\"elementor-element elementor-element-50f5275 elementor-widget elementor-widget-image\" data-id=\"50f5275\" data-element_type=\"widget\" data-e-type=\"widget\" data-widget_type=\"image.default\">\n\t\t\t\t\t\t\t\t\t\t\t\t\t\t\t<img decoding=\"async\" width=\"556\" height=\"781\" src=\"https:\/\/afriquecreative.fr\/wp-content\/uploads\/2025\/11\/Capture-decran-2025-11-18-165640-e1763481604154.jpg\" class=\"attachment-large size-large wp-image-8512\" alt=\"\" srcset=\"https:\/\/afriquecreative.fr\/wp-content\/uploads\/2025\/11\/Capture-decran-2025-11-18-165640-e1763481604154.jpg 556w, https:\/\/afriquecreative.fr\/wp-content\/uploads\/2025\/11\/Capture-decran-2025-11-18-165640-e1763481604154-214x300.jpg 214w, https:\/\/afriquecreative.fr\/wp-content\/uploads\/2025\/11\/Capture-decran-2025-11-18-165640-e1763481604154-9x12.jpg 9w\" sizes=\"(max-width: 556px) 100vw, 556px\" \/>\t\t\t\t\t\t\t\t\t\t\t\t\t\t\t<\/div>\n\t\t\t\t<\/div>\n\t\t\t\t<\/div>\n\t\t<div class=\"elementor-element elementor-element-0f3b0cf e-grid e-con-full e-con e-child\" data-id=\"0f3b0cf\" data-element_type=\"container\" data-e-type=\"container\">\n\t\t\t\t<div class=\"elementor-element elementor-element-8e9037d elementor-align-center elementor-widget elementor-widget-button\" data-id=\"8e9037d\" data-element_type=\"widget\" data-e-type=\"widget\" data-widget_type=\"button.default\">\n\t\t\t\t\t\t\t\t\t\t<a class=\"elementor-button elementor-button-link elementor-size-sm\" href=\"https:\/\/afriquecreative.fr\/wp-content\/uploads\/2025\/11\/livret-plaidoyer_2025_FR.pdf\">\n\t\t\t\t\t\t<span class=\"elementor-button-content-wrapper\">\n\t\t\t\t\t\t\t\t\t<span class=\"elementor-button-text\">FR VERSION<\/span>\n\t\t\t\t\t<\/span>\n\t\t\t\t\t<\/a>\n\t\t\t\t\t\t\t\t<\/div>\n\t\t\t\t<div class=\"elementor-element elementor-element-ee5436d elementor-align-center elementor-widget elementor-widget-button\" data-id=\"ee5436d\" data-element_type=\"widget\" data-e-type=\"widget\" data-widget_type=\"button.default\">\n\t\t\t\t\t\t\t\t\t\t<a class=\"elementor-button elementor-button-link elementor-size-sm\" href=\"https:\/\/afriquecreative.fr\/wp-content\/uploads\/2025\/11\/advocacy-leaflet_2025_EN.pdf\">\n\t\t\t\t\t\t<span class=\"elementor-button-content-wrapper\">\n\t\t\t\t\t\t\t\t\t<span class=\"elementor-button-text\">IN VERSION<\/span>\n\t\t\t\t\t<\/span>\n\t\t\t\t\t<\/a>\n\t\t\t\t\t\t\t\t<\/div>\n\t\t\t\t<\/div>\n\t\t\t\t\t<\/div>\n\t\t\t\t<\/div>\n\t\t<div class=\"elementor-element elementor-element-1874c68 e-flex e-con-boxed e-con e-parent\" data-id=\"1874c68\" data-element_type=\"container\" data-e-type=\"container\">\n\t\t\t\t\t<div class=\"e-con-inner\">\n\t\t\t\t\t<\/div>\n\t\t\t\t<\/div>\n\t\t\t\t<\/div>","protected":false},"excerpt":{"rendered":"<p>Les industries culturelles et cr\u00e9atives (ICC) constituent un puissant levier pour la transformation du continent \u00e0 condition qu\u2019elles soient dot\u00e9es des moyens financiers, des comp\u00e9tences et des infrastructures n\u00e9cessaires. Convaincu de ce potentiel, Afrique Cr\u00e9ative et l\u2019Agence fran\u00e7aise de d\u00e9veloppement (AFD) esp\u00e8rent inciter une communaut\u00e9 plus large d&#8217;investisseurs et de partenaires commerciaux \u00e0 s&#8217;engager dans [&hellip;]<\/p>\n","protected":false},"author":6,"featured_media":0,"parent":1932,"menu_order":4,"comment_status":"closed","ping_status":"closed","template":"","meta":{"_acf_changed":false,"footnotes":""},"class_list":["post-3207","page","type-page","status-publish","hentry"],"acf":[],"yoast_head":"<!-- This site is optimized with the Yoast SEO plugin v27.4 - https:\/\/yoast.com\/product\/yoast-seo-wordpress\/ -->\n<title>INVESTIR DANS LES INDUSTRIES CULTURELLES ET CR\u00c9ATIVES AFRICAINES - Afrique cr\u00e9ative<\/title>\n<meta name=\"robots\" content=\"index, follow, max-snippet:-1, max-image-preview:large, max-video-preview:-1\" \/>\n<link rel=\"canonical\" href=\"https:\/\/afriquecreative.fr\/en\/africa-creative-talent-partner\/invest-in-african-cultural-and-creative-industries\/\" \/>\n<meta property=\"og:locale\" content=\"en_GB\" \/>\n<meta property=\"og:type\" content=\"article\" \/>\n<meta property=\"og:title\" content=\"INVESTIR DANS LES INDUSTRIES CULTURELLES ET CR\u00c9ATIVES AFRICAINES - Afrique cr\u00e9ative\" \/>\n<meta property=\"og:description\" content=\"Les industries culturelles et cr\u00e9atives (ICC) constituent un puissant levier pour la transformation du continent \u00e0 condition qu\u2019elles soient dot\u00e9es des moyens financiers, des comp\u00e9tences et des infrastructures n\u00e9cessaires. Convaincu de ce potentiel, Afrique Cr\u00e9ative et l\u2019Agence fran\u00e7aise de d\u00e9veloppement (AFD) esp\u00e8rent inciter une communaut\u00e9 plus large d&#8217;investisseurs et de partenaires commerciaux \u00e0 s&#8217;engager dans [&hellip;]\" \/>\n<meta property=\"og:url\" content=\"https:\/\/afriquecreative.fr\/en\/africa-creative-talent-partner\/invest-in-african-cultural-and-creative-industries\/\" \/>\n<meta property=\"og:site_name\" content=\"Afrique cr\u00e9ative\" \/>\n<meta property=\"article:publisher\" content=\"https:\/\/www.facebook.com\/afriquecreative\/\" \/>\n<meta property=\"article:modified_time\" content=\"2026-01-09T11:30:45+00:00\" \/>\n<meta property=\"og:image\" content=\"https:\/\/afriquecreative.fr\/wp-content\/uploads\/2024\/04\/PublicationInvestirICC.jpg\" \/>\n\t<meta property=\"og:image:width\" content=\"490\" \/>\n\t<meta property=\"og:image:height\" content=\"691\" \/>\n\t<meta property=\"og:image:type\" content=\"image\/jpeg\" \/>\n<meta name=\"twitter:card\" content=\"summary_large_image\" \/>\n<meta name=\"twitter:label1\" content=\"Estimated reading time\" \/>\n\t<meta name=\"twitter:data1\" content=\"2 minutes\" \/>\n<script type=\"application\/ld+json\" class=\"yoast-schema-graph\">{\"@context\":\"https:\\\/\\\/schema.org\",\"@graph\":[{\"@type\":\"WebPage\",\"@id\":\"https:\\\/\\\/afriquecreative.fr\\\/afrique-creative-partenaire-de-talents\\\/investir-dans-les-industries-culturelles-et-creatives-africaines\\\/\",\"url\":\"https:\\\/\\\/afriquecreative.fr\\\/afrique-creative-partenaire-de-talents\\\/investir-dans-les-industries-culturelles-et-creatives-africaines\\\/\",\"name\":\"INVESTIR DANS LES INDUSTRIES CULTURELLES ET CR\u00c9ATIVES AFRICAINES - Afrique cr\u00e9ative\",\"isPartOf\":{\"@id\":\"http:\\\/\\\/afriquecreative.fr\\\/#website\"},\"primaryImageOfPage\":{\"@id\":\"https:\\\/\\\/afriquecreative.fr\\\/afrique-creative-partenaire-de-talents\\\/investir-dans-les-industries-culturelles-et-creatives-africaines\\\/#primaryimage\"},\"image\":{\"@id\":\"https:\\\/\\\/afriquecreative.fr\\\/afrique-creative-partenaire-de-talents\\\/investir-dans-les-industries-culturelles-et-creatives-africaines\\\/#primaryimage\"},\"thumbnailUrl\":\"https:\\\/\\\/afriquecreative.fr\\\/wp-content\\\/uploads\\\/2024\\\/04\\\/PublicationInvestirICC.jpg\",\"datePublished\":\"2021-09-25T12:45:04+00:00\",\"dateModified\":\"2026-01-09T11:30:45+00:00\",\"breadcrumb\":{\"@id\":\"https:\\\/\\\/afriquecreative.fr\\\/afrique-creative-partenaire-de-talents\\\/investir-dans-les-industries-culturelles-et-creatives-africaines\\\/#breadcrumb\"},\"inLanguage\":\"en-GB\",\"potentialAction\":[{\"@type\":\"ReadAction\",\"target\":[\"https:\\\/\\\/afriquecreative.fr\\\/afrique-creative-partenaire-de-talents\\\/investir-dans-les-industries-culturelles-et-creatives-africaines\\\/\"]}]},{\"@type\":\"ImageObject\",\"inLanguage\":\"en-GB\",\"@id\":\"https:\\\/\\\/afriquecreative.fr\\\/afrique-creative-partenaire-de-talents\\\/investir-dans-les-industries-culturelles-et-creatives-africaines\\\/#primaryimage\",\"url\":\"https:\\\/\\\/afriquecreative.fr\\\/wp-content\\\/uploads\\\/2024\\\/04\\\/PublicationInvestirICC.jpg\",\"contentUrl\":\"https:\\\/\\\/afriquecreative.fr\\\/wp-content\\\/uploads\\\/2024\\\/04\\\/PublicationInvestirICC.jpg\"},{\"@type\":\"BreadcrumbList\",\"@id\":\"https:\\\/\\\/afriquecreative.fr\\\/afrique-creative-partenaire-de-talents\\\/investir-dans-les-industries-culturelles-et-creatives-africaines\\\/#breadcrumb\",\"itemListElement\":[{\"@type\":\"ListItem\",\"position\":1,\"name\":\"Accueil\",\"item\":\"http:\\\/\\\/afriquecreative.fr\\\/\"},{\"@type\":\"ListItem\",\"position\":2,\"name\":\"2021 Afrique Cr\u00e9ative &#8211; Partenaire de talents\",\"item\":\"https:\\\/\\\/afriquecreative.fr\\\/afrique-creative-partenaire-de-talents\\\/\"},{\"@type\":\"ListItem\",\"position\":3,\"name\":\"INVESTIR DANS LES INDUSTRIES CULTURELLES ET CR\u00c9ATIVES AFRICAINES\"}]},{\"@type\":\"WebSite\",\"@id\":\"http:\\\/\\\/afriquecreative.fr\\\/#website\",\"url\":\"http:\\\/\\\/afriquecreative.fr\\\/\",\"name\":\"Afrique cr\u00e9ative\",\"description\":\"Partenaire de talents\",\"publisher\":{\"@id\":\"http:\\\/\\\/afriquecreative.fr\\\/#organization\"},\"potentialAction\":[{\"@type\":\"SearchAction\",\"target\":{\"@type\":\"EntryPoint\",\"urlTemplate\":\"http:\\\/\\\/afriquecreative.fr\\\/?s={search_term_string}\"},\"query-input\":{\"@type\":\"PropertyValueSpecification\",\"valueRequired\":true,\"valueName\":\"search_term_string\"}}],\"inLanguage\":\"en-GB\"},{\"@type\":\"Organization\",\"@id\":\"http:\\\/\\\/afriquecreative.fr\\\/#organization\",\"name\":\"Afrique Cr\u00e9ative\",\"url\":\"http:\\\/\\\/afriquecreative.fr\\\/\",\"logo\":{\"@type\":\"ImageObject\",\"inLanguage\":\"en-GB\",\"@id\":\"http:\\\/\\\/afriquecreative.fr\\\/#\\\/schema\\\/logo\\\/image\\\/\",\"url\":\"https:\\\/\\\/afriquecreative.fr\\\/wp-content\\\/uploads\\\/2021\\\/04\\\/logo-lg.svg\",\"contentUrl\":\"https:\\\/\\\/afriquecreative.fr\\\/wp-content\\\/uploads\\\/2021\\\/04\\\/logo-lg.svg\",\"width\":1,\"height\":1,\"caption\":\"Afrique Cr\u00e9ative\"},\"image\":{\"@id\":\"http:\\\/\\\/afriquecreative.fr\\\/#\\\/schema\\\/logo\\\/image\\\/\"},\"sameAs\":[\"https:\\\/\\\/www.facebook.com\\\/afriquecreative\\\/\",\"https:\\\/\\\/www.instagram.com\\\/afrique.creative\\\/?hl=en\"]}]}<\/script>\n<!-- \/ Yoast SEO plugin. -->","yoast_head_json":{"title":"INVEST IN AFRICAN CULTURAL AND CREATIVE INDUSTRIES - Creative Africa","robots":{"index":"index","follow":"follow","max-snippet":"max-snippet:-1","max-image-preview":"max-image-preview:large","max-video-preview":"max-video-preview:-1"},"canonical":"https:\/\/afriquecreative.fr\/en\/africa-creative-talent-partner\/invest-in-african-cultural-and-creative-industries\/","og_locale":"en_GB","og_type":"article","og_title":"INVESTIR DANS LES INDUSTRIES CULTURELLES ET CR\u00c9ATIVES AFRICAINES - Afrique cr\u00e9ative","og_description":"Les industries culturelles et cr\u00e9atives (ICC) constituent un puissant levier pour la transformation du continent \u00e0 condition qu\u2019elles soient dot\u00e9es des moyens financiers, des comp\u00e9tences et des infrastructures n\u00e9cessaires. Convaincu de ce potentiel, Afrique Cr\u00e9ative et l\u2019Agence fran\u00e7aise de d\u00e9veloppement (AFD) esp\u00e8rent inciter une communaut\u00e9 plus large d&#8217;investisseurs et de partenaires commerciaux \u00e0 s&#8217;engager dans [&hellip;]","og_url":"https:\/\/afriquecreative.fr\/en\/africa-creative-talent-partner\/invest-in-african-cultural-and-creative-industries\/","og_site_name":"Afrique cr\u00e9ative","article_publisher":"https:\/\/www.facebook.com\/afriquecreative\/","article_modified_time":"2026-01-09T11:30:45+00:00","og_image":[{"width":490,"height":691,"url":"https:\/\/afriquecreative.fr\/wp-content\/uploads\/2024\/04\/PublicationInvestirICC.jpg","type":"image\/jpeg"}],"twitter_card":"summary_large_image","twitter_misc":{"Estimated reading time":"2 minutes"},"schema":{"@context":"https:\/\/schema.org","@graph":[{"@type":"WebPage","@id":"https:\/\/afriquecreative.fr\/afrique-creative-partenaire-de-talents\/investir-dans-les-industries-culturelles-et-creatives-africaines\/","url":"https:\/\/afriquecreative.fr\/afrique-creative-partenaire-de-talents\/investir-dans-les-industries-culturelles-et-creatives-africaines\/","name":"INVEST IN AFRICAN CULTURAL AND CREATIVE INDUSTRIES - Creative Africa","isPartOf":{"@id":"http:\/\/afriquecreative.fr\/#website"},"primaryImageOfPage":{"@id":"https:\/\/afriquecreative.fr\/afrique-creative-partenaire-de-talents\/investir-dans-les-industries-culturelles-et-creatives-africaines\/#primaryimage"},"image":{"@id":"https:\/\/afriquecreative.fr\/afrique-creative-partenaire-de-talents\/investir-dans-les-industries-culturelles-et-creatives-africaines\/#primaryimage"},"thumbnailUrl":"https:\/\/afriquecreative.fr\/wp-content\/uploads\/2024\/04\/PublicationInvestirICC.jpg","datePublished":"2021-09-25T12:45:04+00:00","dateModified":"2026-01-09T11:30:45+00:00","breadcrumb":{"@id":"https:\/\/afriquecreative.fr\/afrique-creative-partenaire-de-talents\/investir-dans-les-industries-culturelles-et-creatives-africaines\/#breadcrumb"},"inLanguage":"en-GB","potentialAction":[{"@type":"ReadAction","target":["https:\/\/afriquecreative.fr\/afrique-creative-partenaire-de-talents\/investir-dans-les-industries-culturelles-et-creatives-africaines\/"]}]},{"@type":"ImageObject","inLanguage":"en-GB","@id":"https:\/\/afriquecreative.fr\/afrique-creative-partenaire-de-talents\/investir-dans-les-industries-culturelles-et-creatives-africaines\/#primaryimage","url":"https:\/\/afriquecreative.fr\/wp-content\/uploads\/2024\/04\/PublicationInvestirICC.jpg","contentUrl":"https:\/\/afriquecreative.fr\/wp-content\/uploads\/2024\/04\/PublicationInvestirICC.jpg"},{"@type":"BreadcrumbList","@id":"https:\/\/afriquecreative.fr\/afrique-creative-partenaire-de-talents\/investir-dans-les-industries-culturelles-et-creatives-africaines\/#breadcrumb","itemListElement":[{"@type":"ListItem","position":1,"name":"Accueil","item":"http:\/\/afriquecreative.fr\/"},{"@type":"ListItem","position":2,"name":"2021 Afrique Cr\u00e9ative &#8211; Partenaire de talents","item":"https:\/\/afriquecreative.fr\/afrique-creative-partenaire-de-talents\/"},{"@type":"ListItem","position":3,"name":"INVESTIR DANS LES INDUSTRIES CULTURELLES ET CR\u00c9ATIVES AFRICAINES"}]},{"@type":"WebSite","@id":"http:\/\/afriquecreative.fr\/#website","url":"http:\/\/afriquecreative.fr\/","name":"Creative Africa","description":"Talent Partner","publisher":{"@id":"http:\/\/afriquecreative.fr\/#organization"},"potentialAction":[{"@type":"SearchAction","target":{"@type":"EntryPoint","urlTemplate":"http:\/\/afriquecreative.fr\/?s={search_term_string}"},"query-input":{"@type":"PropertyValueSpecification","valueRequired":true,"valueName":"search_term_string"}}],"inLanguage":"en-GB"},{"@type":"Organization","@id":"http:\/\/afriquecreative.fr\/#organization","name":"Creative Africa","url":"http:\/\/afriquecreative.fr\/","logo":{"@type":"ImageObject","inLanguage":"en-GB","@id":"http:\/\/afriquecreative.fr\/#\/schema\/logo\/image\/","url":"https:\/\/afriquecreative.fr\/wp-content\/uploads\/2021\/04\/logo-lg.svg","contentUrl":"https:\/\/afriquecreative.fr\/wp-content\/uploads\/2021\/04\/logo-lg.svg","width":1,"height":1,"caption":"Afrique Cr\u00e9ative"},"image":{"@id":"http:\/\/afriquecreative.fr\/#\/schema\/logo\/image\/"},"sameAs":["https:\/\/www.facebook.com\/afriquecreative\/","https:\/\/www.instagram.com\/afrique.creative\/?hl=en"]}]}},"_links":{"self":[{"href":"https:\/\/afriquecreative.fr\/en\/wp-json\/wp\/v2\/pages\/3207","targetHints":{"allow":["GET"]}}],"collection":[{"href":"https:\/\/afriquecreative.fr\/en\/wp-json\/wp\/v2\/pages"}],"about":[{"href":"https:\/\/afriquecreative.fr\/en\/wp-json\/wp\/v2\/types\/page"}],"author":[{"embeddable":true,"href":"https:\/\/afriquecreative.fr\/en\/wp-json\/wp\/v2\/users\/6"}],"replies":[{"embeddable":true,"href":"https:\/\/afriquecreative.fr\/en\/wp-json\/wp\/v2\/comments?post=3207"}],"version-history":[{"count":0,"href":"https:\/\/afriquecreative.fr\/en\/wp-json\/wp\/v2\/pages\/3207\/revisions"}],"up":[{"embeddable":true,"href":"https:\/\/afriquecreative.fr\/en\/wp-json\/wp\/v2\/pages\/1932"}],"wp:attachment":[{"href":"https:\/\/afriquecreative.fr\/en\/wp-json\/wp\/v2\/media?parent=3207"}],"curies":[{"name":"wp","href":"https:\/\/api.w.org\/{rel}","templated":true}]}}