{"id":4750,"date":"2023-10-18T00:01:00","date_gmt":"2023-10-18T00:01:00","guid":{"rendered":"https:\/\/afriquecreative.fr\/?page_id=4750"},"modified":"2023-10-18T22:04:05","modified_gmt":"2023-10-18T22:04:05","slug":"apply-for-the-call","status":"publish","type":"page","link":"https:\/\/afriquecreative.fr\/en\/candidater-a-lappel\/","title":{"rendered":"Apply for the call"},"content":{"rendered":"\t\t<div data-elementor-type=\"wp-page\" data-elementor-id=\"4750\" class=\"elementor elementor-4750\" data-elementor-post-type=\"page\">\n\t\t\t\t<div class=\"elementor-element elementor-element-2a1f101 e-flex e-con-boxed e-con e-parent\" data-id=\"2a1f101\" data-element_type=\"container\" data-e-type=\"container\">\n\t\t\t\t\t<div class=\"e-con-inner\">\n\t\t\t\t<div class=\"elementor-element elementor-element-8ec91d2 elementor-widget elementor-widget-wpforms\" data-id=\"8ec91d2\" data-element_type=\"widget\" data-e-type=\"widget\" data-widget_type=\"wpforms.default\">\n\t\t\t\t<div class=\"elementor-widget-container\">\n\t\t\t\t\t<div class=\"wpforms-container wpforms-form-abandonment wpforms-container-save-resume wpforms-lead-forms-container\" id=\"wpforms-4586\"><div class=\"wpforms-schedule-locked\" id=\"wpforms-locked-4586\"><div class=\"form-locked-message\"><p><strong>La p\u00e9riode de soumission des candidatures est \u00e0 pr\u00e9sent close.<\/strong><\/p>\n<\/div><\/div><style id=\"wpforms-lead-forms-inline-styles\">#wpforms-4586, #wpforms-locked-4586 {\n\t\t\t\t--wpforms-lead-forms-accent-color: 46, 32, 102;\n\t\t\t\t--wpforms-lead-forms-box-shadow: none;\n\t\t\t\t--wpforms-lead-forms-border-radius: 0;\n\t\t\t\t--wpforms-lead-forms-container-background: transparent;\n\t\t\t\t--wpforms-lead-forms-container-background-color: #ffffff;\n\t\t\t\t--wpforms-lead-forms-field-border-color: #cccccc;\n\t\t\t\t--wpforms-lead-forms-primary-text-color: #212121;\n\t\t\t\t--wpforms-lead-forms-secondary-text-color: 119, 119, 119;\n\t\t\t}<\/style><\/div>  <!-- .wpforms-container -->\n<div class=\"wpforms-save-resume-disclaimer\" id=\"wpforms-save-resume-disclaimer-4586\" style=\"display: none\">\n\t<div class=\"wpforms-save-resume-title\">Enregistrer et reprendre ult\u00e9rieurement<\/div>\t<div class=\"message\">\n\t\t<p>Attention\u00a0! Si vous enregistrez votre progression maintenant, une copie des donn\u00e9es saisies sera stock\u00e9e sur ce serveur et le propri\u00e9taire du site pourra y avoir acc\u00e8s. Pour des raisons de s\u00e9curit\u00e9, lorsque vous reprendrez votre saisie, vous devrez \u00e0 nouveau sp\u00e9cifier les informations sensibles telles que les cartes bancaires et les adresses postales, ainsi que les fichiers \u00e0 t\u00e9l\u00e9verser.<\/p>\n\t<\/div>\n\n\t<div class=\"wpforms-form\">\n\t\t<button type=\"submit\" class=\"wpforms-save-resume-disclaimer-continue wpforms-submit\">\n\t\t\tContinue\t\t<\/button>\n\t\t<a href=\"#\" class=\"wpforms-save-resume-disclaimer-back\">\n\t\t\t<span>Go Back<\/span>\n\t\t<\/a>\n\t<\/div>\n\n\t<\/div>\n\n<div class=\"wpforms-save-resume-confirmation\" id=\"wpforms-save-resume-confirmation-4586\" style=\"display: none\">\n\n\t<div class=\"wpforms-save-resume-title\">Enregistrer et reprendre ult\u00e9rieurement<\/div>\n\t<div class=\"message\">\n\t\t<p>Les donn\u00e9es saisies dans votre formulaire ont \u00e9t\u00e9 enregistr\u00e9es. Vous pouvez utiliser le lien unique qui a \u00e9t\u00e9 cr\u00e9\u00e9 pour continuer \u00e0 remplir ce formulaire.<\/p>\n<p>Saisissez votre adresse e-mail pour recevoir le lien par e-mail. Sinon, vous pouvez copier et enregistrer le lien ci-dessous.<\/p>\n<p>Veuillez noter que ce lien ne doit pas \u00eatre partag\u00e9 et qu\u2018il expirera dans 30 jours, apr\u00e8s quoi votre formulaire sera supprim\u00e9.<\/p>\n\t<\/div>\n\n\t<div class=\"wpforms-save-resume-actions\">\n\t\t\t\t\t<div class=\"wpforms-field\">\n\t\t\t\t<label class=\"wpforms-field-label wpforms-save-resume-label\">\n\t\t\t\t\tCopy Link\t\t\t\t<\/label>\n\t\t\t\t<div class=\"wpforms-save-resume-shortcode-container\">\n\t\t\t\t\t<input type=\"text\" class=\"wpforms-save-resume-shortcode\" value=\"\" disabled \/>\n\t\t\t\t\t<span class=\"wpforms-save-resume-shortcode-copy\" title=\"Copy resume link to clipboard\">\n\t\t\t\t\t\t\t<span class=\"copy-icon\"><\/span>\n\t\t\t\t\t\t<\/span>\n\t\t\t\t<\/div>\n\t\t\t<\/div>\n\t\t\n\t\t\t\t\t<form class=\"wpforms-validate wpforms-form wpforms-save-resume-email-notification\" method=\"post\" action=\"\/en\/wp-json\/wp\/v2\/pages\/4750\" data-token=\"3a7345359ea3595d7960345ce525f8ee\">\n\t\t\t\t<div class=\"wpforms-field wpforms-field-email\">\n\t\t\t\t\t<label class=\"wpforms-field-label wpforms-save-resume-label\">\n\t\t\t\t\t\tEmail\t\t\t\t\t\t<span class=\"wpforms-required-label\">*<\/span>\n\t\t\t\t\t<\/label>\n\t\t\t\t\t<input type=\"email\" name=\"wpforms[save_resume_email]\" required>\n\t\t\t\t<\/div>\n\t\t\t\t<div class=\"wpforms-submit-container\">\n\t\t\t\t\t<input type=\"hidden\" id=\"_wpnonce\" name=\"_wpnonce\" value=\"9fee9c57f7\" \/><input type=\"hidden\" name=\"_wp_http_referer\" value=\"\/en\/wp-json\/wp\/v2\/pages\/4750\" \/>\t\t\t\t\t<input type=\"hidden\" name=\"wpforms[form_id]\" value=\"4586\">\n\t\t\t\t\t<input type=\"hidden\" name=\"wpforms[entry_id]\" class=\"wpforms-save-resume-entry-id\" value=\"\">\n\t\t\t\t\t<button type=\"submit\" name=\"wpforms[save-resume]\" class=\"wpforms-submit\" value=\"wpforms-submit\" disabled>\n\t\t\t\t\t\tSend Link\t\t\t\t\t<\/button>\n\t\t\t\t<\/div>\n\t\t\t<\/form>\n\t\t\t<\/div>\n<\/div>\n\t\t\t\t<\/div>\n\t\t\t\t<\/div>\n\t\t\t\t\t<\/div>\n\t\t\t\t<\/div>\n\t\t\t\t<\/div>\n\t\t","protected":false},"excerpt":{"rendered":"<p>Veuillez activer JavaScript dans votre navigateur pour remplir ce formulaire. Test &#8211; \u00c9tape 1 sur 52 Formulaire de candidature du programme d&#8217;incubation d&#8217;entreprises culturelles et cr\u00e9atives. 3\u00e8me \u00e9dition CommencerEnregistrer et reprendre ult\u00e9rieurement Nom complet de la structure\/entreprise *Secteur(s) culturel(s) \/ cr\u00e9atif(s) concern\u00e9(s)\u202f *Faites un choixArts de la sc\u00e8ne (\u00e0 pr\u00e9ciser)Cin\u00e9ma \/ audiovisuelArts plastiquesDesignAutrePr\u00e9ciser le secteur [&hellip;]<\/p>\n","protected":false},"author":1,"featured_media":0,"parent":0,"menu_order":3,"comment_status":"closed","ping_status":"closed","template":"elementor_header_footer","meta":{"_acf_changed":false,"footnotes":""},"class_list":["post-4750","page","type-page","status-publish","hentry"],"acf":[],"yoast_head":"<!-- This site is optimized with the Yoast SEO plugin v27.4 - https:\/\/yoast.com\/product\/yoast-seo-wordpress\/ -->\n<title>Candidater \u00e0 l&#039;appel - Afrique cr\u00e9ative<\/title>\n<meta name=\"robots\" content=\"index, follow, max-snippet:-1, max-image-preview:large, max-video-preview:-1\" \/>\n<link rel=\"canonical\" href=\"https:\/\/afriquecreative.fr\/en\/apply-for-the-call\/\" \/>\n<meta property=\"og:locale\" content=\"en_GB\" \/>\n<meta property=\"og:type\" content=\"article\" \/>\n<meta property=\"og:title\" content=\"Candidater \u00e0 l&#039;appel - Afrique cr\u00e9ative\" \/>\n<meta property=\"og:description\" content=\"Veuillez activer JavaScript dans votre navigateur pour remplir ce formulaire. Test &#8211; \u00c9tape 1 sur 52 Formulaire de candidature du programme d&#8217;incubation d&#8217;entreprises culturelles et cr\u00e9atives. 3\u00e8me \u00e9dition CommencerEnregistrer et reprendre ult\u00e9rieurement Nom complet de la structure\/entreprise *Secteur(s) culturel(s) \/ cr\u00e9atif(s) concern\u00e9(s)\u202f *Faites un choixArts de la sc\u00e8ne (\u00e0 pr\u00e9ciser)Cin\u00e9ma \/ audiovisuelArts plastiquesDesignAutrePr\u00e9ciser le secteur [&hellip;]\" \/>\n<meta property=\"og:url\" content=\"https:\/\/afriquecreative.fr\/en\/apply-for-the-call\/\" \/>\n<meta property=\"og:site_name\" content=\"Afrique cr\u00e9ative\" \/>\n<meta property=\"article:publisher\" content=\"https:\/\/www.facebook.com\/afriquecreative\/\" \/>\n<meta property=\"article:modified_time\" content=\"2023-10-18T22:04:05+00:00\" \/>\n<meta property=\"og:image\" content=\"https:\/\/afriquecreative.fr\/wp-content\/uploads\/2021\/04\/logo-sm.svg\" \/>\n<meta name=\"twitter:card\" content=\"summary_large_image\" \/>\n<meta name=\"twitter:label1\" content=\"Estimated reading time\" \/>\n\t<meta name=\"twitter:data1\" content=\"19 minutes\" \/>\n<script type=\"application\/ld+json\" class=\"yoast-schema-graph\">{\"@context\":\"https:\\\/\\\/schema.org\",\"@graph\":[{\"@type\":\"WebPage\",\"@id\":\"https:\\\/\\\/afriquecreative.fr\\\/candidater-a-lappel\\\/\",\"url\":\"https:\\\/\\\/afriquecreative.fr\\\/candidater-a-lappel\\\/\",\"name\":\"Candidater \u00e0 l'appel - Afrique cr\u00e9ative\",\"isPartOf\":{\"@id\":\"http:\\\/\\\/afriquecreative.fr\\\/#website\"},\"primaryImageOfPage\":{\"@id\":\"https:\\\/\\\/afriquecreative.fr\\\/candidater-a-lappel\\\/#primaryimage\"},\"image\":{\"@id\":\"https:\\\/\\\/afriquecreative.fr\\\/candidater-a-lappel\\\/#primaryimage\"},\"thumbnailUrl\":\"https:\\\/\\\/afriquecreative.fr\\\/wp-content\\\/uploads\\\/2021\\\/04\\\/logo-sm.svg\",\"datePublished\":\"2023-10-18T00:01:00+00:00\",\"dateModified\":\"2023-10-18T22:04:05+00:00\",\"breadcrumb\":{\"@id\":\"https:\\\/\\\/afriquecreative.fr\\\/candidater-a-lappel\\\/#breadcrumb\"},\"inLanguage\":\"en-GB\",\"potentialAction\":[{\"@type\":\"ReadAction\",\"target\":[\"https:\\\/\\\/afriquecreative.fr\\\/candidater-a-lappel\\\/\"]}]},{\"@type\":\"ImageObject\",\"inLanguage\":\"en-GB\",\"@id\":\"https:\\\/\\\/afriquecreative.fr\\\/candidater-a-lappel\\\/#primaryimage\",\"url\":\"https:\\\/\\\/afriquecreative.fr\\\/wp-content\\\/uploads\\\/2021\\\/04\\\/logo-sm.svg\",\"contentUrl\":\"https:\\\/\\\/afriquecreative.fr\\\/wp-content\\\/uploads\\\/2021\\\/04\\\/logo-sm.svg\"},{\"@type\":\"BreadcrumbList\",\"@id\":\"https:\\\/\\\/afriquecreative.fr\\\/candidater-a-lappel\\\/#breadcrumb\",\"itemListElement\":[{\"@type\":\"ListItem\",\"position\":1,\"name\":\"Accueil\",\"item\":\"http:\\\/\\\/afriquecreative.fr\\\/\"},{\"@type\":\"ListItem\",\"position\":2,\"name\":\"Candidater \u00e0 l&#8217;appel\"}]},{\"@type\":\"WebSite\",\"@id\":\"http:\\\/\\\/afriquecreative.fr\\\/#website\",\"url\":\"http:\\\/\\\/afriquecreative.fr\\\/\",\"name\":\"Afrique cr\u00e9ative\",\"description\":\"Partenaire de talents\",\"publisher\":{\"@id\":\"http:\\\/\\\/afriquecreative.fr\\\/#organization\"},\"potentialAction\":[{\"@type\":\"SearchAction\",\"target\":{\"@type\":\"EntryPoint\",\"urlTemplate\":\"http:\\\/\\\/afriquecreative.fr\\\/?s={search_term_string}\"},\"query-input\":{\"@type\":\"PropertyValueSpecification\",\"valueRequired\":true,\"valueName\":\"search_term_string\"}}],\"inLanguage\":\"en-GB\"},{\"@type\":\"Organization\",\"@id\":\"http:\\\/\\\/afriquecreative.fr\\\/#organization\",\"name\":\"Afrique Cr\u00e9ative\",\"url\":\"http:\\\/\\\/afriquecreative.fr\\\/\",\"logo\":{\"@type\":\"ImageObject\",\"inLanguage\":\"en-GB\",\"@id\":\"http:\\\/\\\/afriquecreative.fr\\\/#\\\/schema\\\/logo\\\/image\\\/\",\"url\":\"https:\\\/\\\/afriquecreative.fr\\\/wp-content\\\/uploads\\\/2021\\\/04\\\/logo-lg.svg\",\"contentUrl\":\"https:\\\/\\\/afriquecreative.fr\\\/wp-content\\\/uploads\\\/2021\\\/04\\\/logo-lg.svg\",\"width\":1,\"height\":1,\"caption\":\"Afrique Cr\u00e9ative\"},\"image\":{\"@id\":\"http:\\\/\\\/afriquecreative.fr\\\/#\\\/schema\\\/logo\\\/image\\\/\"},\"sameAs\":[\"https:\\\/\\\/www.facebook.com\\\/afriquecreative\\\/\",\"https:\\\/\\\/www.instagram.com\\\/afrique.creative\\\/?hl=en\"]}]}<\/script>\n<!-- \/ Yoast SEO plugin. -->","yoast_head_json":{"title":"Apply for the call - Creative Africa","robots":{"index":"index","follow":"follow","max-snippet":"max-snippet:-1","max-image-preview":"max-image-preview:large","max-video-preview":"max-video-preview:-1"},"canonical":"https:\/\/afriquecreative.fr\/en\/apply-for-the-call\/","og_locale":"en_GB","og_type":"article","og_title":"Candidater \u00e0 l'appel - Afrique cr\u00e9ative","og_description":"Veuillez activer JavaScript dans votre navigateur pour remplir ce formulaire. Test &#8211; \u00c9tape 1 sur 52 Formulaire de candidature du programme d&#8217;incubation d&#8217;entreprises culturelles et cr\u00e9atives. 3\u00e8me \u00e9dition CommencerEnregistrer et reprendre ult\u00e9rieurement Nom complet de la structure\/entreprise *Secteur(s) culturel(s) \/ cr\u00e9atif(s) concern\u00e9(s)\u202f *Faites un choixArts de la sc\u00e8ne (\u00e0 pr\u00e9ciser)Cin\u00e9ma \/ audiovisuelArts plastiquesDesignAutrePr\u00e9ciser le secteur [&hellip;]","og_url":"https:\/\/afriquecreative.fr\/en\/apply-for-the-call\/","og_site_name":"Afrique cr\u00e9ative","article_publisher":"https:\/\/www.facebook.com\/afriquecreative\/","article_modified_time":"2023-10-18T22:04:05+00:00","og_image":[{"url":"https:\/\/afriquecreative.fr\/wp-content\/uploads\/2021\/04\/logo-sm.svg","type":"","width":"","height":""}],"twitter_card":"summary_large_image","twitter_misc":{"Estimated reading time":"19 minutes"},"schema":{"@context":"https:\/\/schema.org","@graph":[{"@type":"WebPage","@id":"https:\/\/afriquecreative.fr\/candidater-a-lappel\/","url":"https:\/\/afriquecreative.fr\/candidater-a-lappel\/","name":"Apply for the call - Creative Africa","isPartOf":{"@id":"http:\/\/afriquecreative.fr\/#website"},"primaryImageOfPage":{"@id":"https:\/\/afriquecreative.fr\/candidater-a-lappel\/#primaryimage"},"image":{"@id":"https:\/\/afriquecreative.fr\/candidater-a-lappel\/#primaryimage"},"thumbnailUrl":"https:\/\/afriquecreative.fr\/wp-content\/uploads\/2021\/04\/logo-sm.svg","datePublished":"2023-10-18T00:01:00+00:00","dateModified":"2023-10-18T22:04:05+00:00","breadcrumb":{"@id":"https:\/\/afriquecreative.fr\/candidater-a-lappel\/#breadcrumb"},"inLanguage":"en-GB","potentialAction":[{"@type":"ReadAction","target":["https:\/\/afriquecreative.fr\/candidater-a-lappel\/"]}]},{"@type":"ImageObject","inLanguage":"en-GB","@id":"https:\/\/afriquecreative.fr\/candidater-a-lappel\/#primaryimage","url":"https:\/\/afriquecreative.fr\/wp-content\/uploads\/2021\/04\/logo-sm.svg","contentUrl":"https:\/\/afriquecreative.fr\/wp-content\/uploads\/2021\/04\/logo-sm.svg"},{"@type":"BreadcrumbList","@id":"https:\/\/afriquecreative.fr\/candidater-a-lappel\/#breadcrumb","itemListElement":[{"@type":"ListItem","position":1,"name":"Accueil","item":"http:\/\/afriquecreative.fr\/"},{"@type":"ListItem","position":2,"name":"Candidater \u00e0 l&#8217;appel"}]},{"@type":"WebSite","@id":"http:\/\/afriquecreative.fr\/#website","url":"http:\/\/afriquecreative.fr\/","name":"Creative Africa","description":"Talent Partner","publisher":{"@id":"http:\/\/afriquecreative.fr\/#organization"},"potentialAction":[{"@type":"SearchAction","target":{"@type":"EntryPoint","urlTemplate":"http:\/\/afriquecreative.fr\/?s={search_term_string}"},"query-input":{"@type":"PropertyValueSpecification","valueRequired":true,"valueName":"search_term_string"}}],"inLanguage":"en-GB"},{"@type":"Organization","@id":"http:\/\/afriquecreative.fr\/#organization","name":"Creative Africa","url":"http:\/\/afriquecreative.fr\/","logo":{"@type":"ImageObject","inLanguage":"en-GB","@id":"http:\/\/afriquecreative.fr\/#\/schema\/logo\/image\/","url":"https:\/\/afriquecreative.fr\/wp-content\/uploads\/2021\/04\/logo-lg.svg","contentUrl":"https:\/\/afriquecreative.fr\/wp-content\/uploads\/2021\/04\/logo-lg.svg","width":1,"height":1,"caption":"Afrique Cr\u00e9ative"},"image":{"@id":"http:\/\/afriquecreative.fr\/#\/schema\/logo\/image\/"},"sameAs":["https:\/\/www.facebook.com\/afriquecreative\/","https:\/\/www.instagram.com\/afrique.creative\/?hl=en"]}]}},"_links":{"self":[{"href":"https:\/\/afriquecreative.fr\/en\/wp-json\/wp\/v2\/pages\/4750","targetHints":{"allow":["GET"]}}],"collection":[{"href":"https:\/\/afriquecreative.fr\/en\/wp-json\/wp\/v2\/pages"}],"about":[{"href":"https:\/\/afriquecreative.fr\/en\/wp-json\/wp\/v2\/types\/page"}],"author":[{"embeddable":true,"href":"https:\/\/afriquecreative.fr\/en\/wp-json\/wp\/v2\/users\/1"}],"replies":[{"embeddable":true,"href":"https:\/\/afriquecreative.fr\/en\/wp-json\/wp\/v2\/comments?post=4750"}],"version-history":[{"count":0,"href":"https:\/\/afriquecreative.fr\/en\/wp-json\/wp\/v2\/pages\/4750\/revisions"}],"wp:attachment":[{"href":"https:\/\/afriquecreative.fr\/en\/wp-json\/wp\/v2\/media?parent=4750"}],"curies":[{"name":"wp","href":"https:\/\/api.w.org\/{rel}","templated":true}]}}