{"id":8480,"date":"2025-11-12T15:27:27","date_gmt":"2025-11-12T15:27:27","guid":{"rendered":"https:\/\/afriquecreative.fr\/afrique-creative-partenaire-de-talents\/2eme-edition-afrique-creative-capitalisation-2\/"},"modified":"2025-11-12T15:27:27","modified_gmt":"2025-11-12T15:27:27","slug":"2nd-edition-africa-creative-capitalisation-2","status":"publish","type":"page","link":"https:\/\/afriquecreative.fr\/en\/afrique-creative-partenaire-de-talents\/2eme-edition-afrique-creative-capitalisation-2\/","title":{"rendered":"2nd edition Creative Africa \u2013 Capitalization"},"content":{"rendered":"<div data-elementor-type=\"wp-page\" data-elementor-id=\"8480\" class=\"elementor elementor-8480\" data-elementor-post-type=\"page\">\n\t\t\t\t\t\t<section class=\"elementor-section elementor-top-section elementor-element elementor-element-652224e elementor-section-boxed elementor-section-height-default elementor-section-height-default\" data-id=\"652224e\" data-element_type=\"section\" data-e-type=\"section\">\n\t\t\t\t\t\t<div class=\"elementor-container elementor-column-gap-default\">\n\t\t\t\t\t<div class=\"elementor-column elementor-col-100 elementor-top-column elementor-element elementor-element-335deffe\" data-id=\"335deffe\" data-element_type=\"column\" data-e-type=\"column\">\n\t\t\t<div class=\"elementor-widget-wrap elementor-element-populated\">\n\t\t\t\t\t\t<div class=\"elementor-element elementor-element-7981b7d elementor-widget elementor-widget-text-editor\" data-id=\"7981b7d\" data-element_type=\"widget\" data-e-type=\"widget\" data-widget_type=\"text-editor.default\">\n\t\t\t\t\t\t\t\t\t<p>Learn more about the second edition of the Creative Africa program (2021-2022). Download our capitalization booklet!<\/p>\t\t\t\t\t\t\t\t<\/div>\n\t\t\t\t<div class=\"elementor-element elementor-element-234dc7a elementor-align-center elementor-widget elementor-widget-button\" data-id=\"234dc7a\" data-element_type=\"widget\" data-e-type=\"widget\" data-widget_type=\"button.default\">\n\t\t\t\t\t\t\t\t\t\t<a class=\"elementor-button elementor-button-link elementor-size-sm\" href=\"https:\/\/afriquecreative.fr\/wp-content\/uploads\/2022\/10\/Livret-Fr-2022.pdf\" target=\"_blank\">\n\t\t\t\t\t\t<span class=\"elementor-button-content-wrapper\">\n\t\t\t\t\t\t\t\t\t<span class=\"elementor-button-text\">FRENCH<\/span>\n\t\t\t\t\t<\/span>\n\t\t\t\t\t<\/a>\n\t\t\t\t\t\t\t\t<\/div>\n\t\t\t\t<div class=\"elementor-element elementor-element-8428e57 elementor-align-center elementor-widget elementor-widget-button\" data-id=\"8428e57\" data-element_type=\"widget\" data-e-type=\"widget\" data-widget_type=\"button.default\">\n\t\t\t\t\t\t\t\t\t\t<a class=\"elementor-button elementor-button-link elementor-size-sm\" href=\"https:\/\/afriquecreative.fr\/wp-content\/uploads\/2024\/04\/Livret-AC2-EN.pdf\" target=\"_blank\">\n\t\t\t\t\t\t<span class=\"elementor-button-content-wrapper\">\n\t\t\t\t\t\t\t\t\t<span class=\"elementor-button-text\">ENGLISH<\/span>\n\t\t\t\t\t<\/span>\n\t\t\t\t\t<\/a>\n\t\t\t\t\t\t\t\t<\/div>\n\t\t\t\t<div class=\"elementor-element elementor-element-53a40424 elementor-widget elementor-widget-text-editor\" data-id=\"53a40424\" data-element_type=\"widget\" data-e-type=\"widget\" data-widget_type=\"text-editor.default\">\n\t\t\t\t\t\t\t\t\t<div id=\"dflip_post_meta_box_shortcode\" class=\"postbox\" style=\"margin-bottom: 20px; outline: 0px; line-height: 1; position: relative; min-width: 255px; border: 1px solid #c3c4c7; box-shadow: rgba(0, 0, 0, 0.04) 0px 1px 1px; background: #ffffff;\"><div class=\"inside\" style=\"margin-top: 6px; padding-right: 12px; padding-bottom: 12px; padding-left: 12px; outline: 0px; line-height: 1.4; font-size: 13px; position: relative;\"><div class=\"dflip-tabs normal-tabs\" style=\"outline: 0px; position: relative;\"><div id=\"dflip-tab-content-normal\" class=\"dflip-tab-content dflip-active\" style=\"padding: 10px; outline: 0px; border: 1px solid #dddddd; background: #fdfdfd;\"><code style=\"margin-right: 1px; margin-left: 1px; padding: 3px 5px 2px; font-family: Consolas, Monaco, monospace; direction: ltr; unicode-bidi: embed; background: rgba(0, 0, 0, 0.07); font-size: 13px;\"><div class=\"_df_book df-lite\" id=\"df_4141\"  _slug=\"\" data-title=\"2eme-edition-capitalisation\" wpoptions=\"true\" thumbtype=\"\" ><\/div><script class=\"df-shortcode-script\" nowprocket type=\"application\/javascript\">window.option_df_4141 = {\"outline\":[],\"autoEnableOutline\":\"false\",\"autoEnableThumbnail\":\"false\",\"overwritePDFOutline\":\"false\",\"direction\":\"1\",\"pageSize\":\"0\",\"source\":\"https:\\\/\\\/afriquecreative.fr\\\/wp-content\\\/uploads\\\/2022\\\/10\\\/Livret-Fr-2022.pdf\",\"wpOptions\":\"true\"}; if(window.DFLIP && window.DFLIP.parseBooks){window.DFLIP.parseBooks();}<\/script><\/code><\/div><\/div><\/div><\/div><div id=\"dflip_categorydiv\" class=\"postbox\" style=\"margin-bottom: 20px; outline: 0px; line-height: 1; position: relative; min-width: 255px; border: 1px solid #c3c4c7; box-shadow: rgba(0, 0, 0, 0.04) 0px 1px 1px; background: #ffffff;\"><div class=\"postbox-header\" style=\"outline: 0px; display: flex; align-items: center; justify-content: space-between; border-bottom: 1px solid #c3c4c7;\"><div class=\"handle-actions hide-if-no-js\" style=\"outline: 0px; flex-shrink: 0; color: #3c434a; font-family: -apple-system, BlinkMacSystemFont, 'Segoe UI', Roboto, Oxygen-Sans, Ubuntu, Cantarell, 'Helvetica Neue', sans-serif; font-size: 13px;\">\u00a0<\/div><\/div><\/div>\t\t\t\t\t\t\t\t<\/div>\n\t\t\t\t\t<\/div>\n\t\t<\/div>\n\t\t\t\t\t<\/div>\n\t\t<\/section>\n\t\t\t\t<\/div>","protected":false},"excerpt":{"rendered":"<p>Learn more about the second edition of the Creative Africa program (2021-2022). Download our capitalization booklet! VERSION FR VERSION EN \u00a0<\/p>","protected":false},"author":58,"featured_media":0,"parent":1932,"menu_order":2,"comment_status":"closed","ping_status":"closed","template":"","meta":{"_acf_changed":false,"footnotes":""},"class_list":["post-8480","page","type-page","status-publish","hentry"],"acf":[],"yoast_head":"<!-- This site is optimized with the Yoast SEO plugin v27.4 - https:\/\/yoast.com\/product\/yoast-seo-wordpress\/ -->\n<title>2\u00e8me \u00e9dition Afrique Cr\u00e9ative - Capitalisation - Afrique cr\u00e9ative<\/title>\n<meta name=\"robots\" content=\"index, follow, max-snippet:-1, max-image-preview:large, max-video-preview:-1\" \/>\n<link rel=\"canonical\" href=\"https:\/\/afriquecreative.fr\/en\/africa-creative-talent-partner\/2nd-edition-africa-creative-capitalisation-2\/\" \/>\n<meta property=\"og:locale\" content=\"en_GB\" \/>\n<meta property=\"og:type\" content=\"article\" \/>\n<meta property=\"og:title\" content=\"2\u00e8me \u00e9dition Afrique Cr\u00e9ative - Capitalisation - Afrique cr\u00e9ative\" \/>\n<meta property=\"og:description\" content=\"Apprenez en plus sur la seconde \u00e9dition du programme Afrique Cr\u00e9ative (2021-2022). T\u00e9l\u00e9chargez notre livret de capitalisation ! VERSION FR VERSION EN \u00a0\" \/>\n<meta property=\"og:url\" content=\"https:\/\/afriquecreative.fr\/en\/africa-creative-talent-partner\/2nd-edition-africa-creative-capitalisation-2\/\" \/>\n<meta property=\"og:site_name\" content=\"Afrique cr\u00e9ative\" \/>\n<meta property=\"article:publisher\" content=\"https:\/\/www.facebook.com\/afriquecreative\/\" \/>\n<meta name=\"twitter:card\" content=\"summary_large_image\" \/>\n<meta name=\"twitter:label1\" content=\"Estimated reading time\" \/>\n\t<meta name=\"twitter:data1\" content=\"1 minute\" \/>\n<script type=\"application\/ld+json\" class=\"yoast-schema-graph\">{\"@context\":\"https:\\\/\\\/schema.org\",\"@graph\":[{\"@type\":\"WebPage\",\"@id\":\"https:\\\/\\\/afriquecreative.fr\\\/afrique-creative-partenaire-de-talents\\\/2eme-edition-afrique-creative-capitalisation-2\\\/\",\"url\":\"https:\\\/\\\/afriquecreative.fr\\\/afrique-creative-partenaire-de-talents\\\/2eme-edition-afrique-creative-capitalisation-2\\\/\",\"name\":\"2\u00e8me \u00e9dition Afrique Cr\u00e9ative - Capitalisation - Afrique cr\u00e9ative\",\"isPartOf\":{\"@id\":\"http:\\\/\\\/afriquecreative.fr\\\/#website\"},\"datePublished\":\"2025-11-12T15:27:27+00:00\",\"breadcrumb\":{\"@id\":\"https:\\\/\\\/afriquecreative.fr\\\/afrique-creative-partenaire-de-talents\\\/2eme-edition-afrique-creative-capitalisation-2\\\/#breadcrumb\"},\"inLanguage\":\"en-GB\",\"potentialAction\":[{\"@type\":\"ReadAction\",\"target\":[\"https:\\\/\\\/afriquecreative.fr\\\/afrique-creative-partenaire-de-talents\\\/2eme-edition-afrique-creative-capitalisation-2\\\/\"]}]},{\"@type\":\"BreadcrumbList\",\"@id\":\"https:\\\/\\\/afriquecreative.fr\\\/afrique-creative-partenaire-de-talents\\\/2eme-edition-afrique-creative-capitalisation-2\\\/#breadcrumb\",\"itemListElement\":[{\"@type\":\"ListItem\",\"position\":1,\"name\":\"Accueil\",\"item\":\"http:\\\/\\\/afriquecreative.fr\\\/\"},{\"@type\":\"ListItem\",\"position\":2,\"name\":\"2021 Afrique Cr\u00e9ative &#8211; Partenaire de talents\",\"item\":\"https:\\\/\\\/afriquecreative.fr\\\/afrique-creative-partenaire-de-talents\\\/\"},{\"@type\":\"ListItem\",\"position\":3,\"name\":\"2\u00e8me \u00e9dition Afrique Cr\u00e9ative &#8211; Capitalisation\"}]},{\"@type\":\"WebSite\",\"@id\":\"http:\\\/\\\/afriquecreative.fr\\\/#website\",\"url\":\"http:\\\/\\\/afriquecreative.fr\\\/\",\"name\":\"Afrique cr\u00e9ative\",\"description\":\"Partenaire de talents\",\"publisher\":{\"@id\":\"http:\\\/\\\/afriquecreative.fr\\\/#organization\"},\"potentialAction\":[{\"@type\":\"SearchAction\",\"target\":{\"@type\":\"EntryPoint\",\"urlTemplate\":\"http:\\\/\\\/afriquecreative.fr\\\/?s={search_term_string}\"},\"query-input\":{\"@type\":\"PropertyValueSpecification\",\"valueRequired\":true,\"valueName\":\"search_term_string\"}}],\"inLanguage\":\"en-GB\"},{\"@type\":\"Organization\",\"@id\":\"http:\\\/\\\/afriquecreative.fr\\\/#organization\",\"name\":\"Afrique Cr\u00e9ative\",\"url\":\"http:\\\/\\\/afriquecreative.fr\\\/\",\"logo\":{\"@type\":\"ImageObject\",\"inLanguage\":\"en-GB\",\"@id\":\"http:\\\/\\\/afriquecreative.fr\\\/#\\\/schema\\\/logo\\\/image\\\/\",\"url\":\"https:\\\/\\\/afriquecreative.fr\\\/wp-content\\\/uploads\\\/2021\\\/04\\\/logo-lg.svg\",\"contentUrl\":\"https:\\\/\\\/afriquecreative.fr\\\/wp-content\\\/uploads\\\/2021\\\/04\\\/logo-lg.svg\",\"width\":1,\"height\":1,\"caption\":\"Afrique Cr\u00e9ative\"},\"image\":{\"@id\":\"http:\\\/\\\/afriquecreative.fr\\\/#\\\/schema\\\/logo\\\/image\\\/\"},\"sameAs\":[\"https:\\\/\\\/www.facebook.com\\\/afriquecreative\\\/\",\"https:\\\/\\\/www.instagram.com\\\/afrique.creative\\\/?hl=en\"]}]}<\/script>\n<!-- \/ Yoast SEO plugin. -->","yoast_head_json":{"title":"2nd edition Creative Africa - Capitalization - Creative Africa","robots":{"index":"index","follow":"follow","max-snippet":"max-snippet:-1","max-image-preview":"max-image-preview:large","max-video-preview":"max-video-preview:-1"},"canonical":"https:\/\/afriquecreative.fr\/en\/africa-creative-talent-partner\/2nd-edition-africa-creative-capitalisation-2\/","og_locale":"en_GB","og_type":"article","og_title":"2\u00e8me \u00e9dition Afrique Cr\u00e9ative - Capitalisation - Afrique cr\u00e9ative","og_description":"Apprenez en plus sur la seconde \u00e9dition du programme Afrique Cr\u00e9ative (2021-2022). T\u00e9l\u00e9chargez notre livret de capitalisation ! VERSION FR VERSION EN \u00a0","og_url":"https:\/\/afriquecreative.fr\/en\/africa-creative-talent-partner\/2nd-edition-africa-creative-capitalisation-2\/","og_site_name":"Afrique cr\u00e9ative","article_publisher":"https:\/\/www.facebook.com\/afriquecreative\/","twitter_card":"summary_large_image","twitter_misc":{"Estimated reading time":"1 minute"},"schema":{"@context":"https:\/\/schema.org","@graph":[{"@type":"WebPage","@id":"https:\/\/afriquecreative.fr\/afrique-creative-partenaire-de-talents\/2eme-edition-afrique-creative-capitalisation-2\/","url":"https:\/\/afriquecreative.fr\/afrique-creative-partenaire-de-talents\/2eme-edition-afrique-creative-capitalisation-2\/","name":"2nd edition Creative Africa - Capitalization - Creative Africa","isPartOf":{"@id":"http:\/\/afriquecreative.fr\/#website"},"datePublished":"2025-11-12T15:27:27+00:00","breadcrumb":{"@id":"https:\/\/afriquecreative.fr\/afrique-creative-partenaire-de-talents\/2eme-edition-afrique-creative-capitalisation-2\/#breadcrumb"},"inLanguage":"en-GB","potentialAction":[{"@type":"ReadAction","target":["https:\/\/afriquecreative.fr\/afrique-creative-partenaire-de-talents\/2eme-edition-afrique-creative-capitalisation-2\/"]}]},{"@type":"BreadcrumbList","@id":"https:\/\/afriquecreative.fr\/afrique-creative-partenaire-de-talents\/2eme-edition-afrique-creative-capitalisation-2\/#breadcrumb","itemListElement":[{"@type":"ListItem","position":1,"name":"Accueil","item":"http:\/\/afriquecreative.fr\/"},{"@type":"ListItem","position":2,"name":"2021 Afrique Cr\u00e9ative &#8211; Partenaire de talents","item":"https:\/\/afriquecreative.fr\/afrique-creative-partenaire-de-talents\/"},{"@type":"ListItem","position":3,"name":"2\u00e8me \u00e9dition Afrique Cr\u00e9ative &#8211; Capitalisation"}]},{"@type":"WebSite","@id":"http:\/\/afriquecreative.fr\/#website","url":"http:\/\/afriquecreative.fr\/","name":"Creative Africa","description":"Talent Partner","publisher":{"@id":"http:\/\/afriquecreative.fr\/#organization"},"potentialAction":[{"@type":"SearchAction","target":{"@type":"EntryPoint","urlTemplate":"http:\/\/afriquecreative.fr\/?s={search_term_string}"},"query-input":{"@type":"PropertyValueSpecification","valueRequired":true,"valueName":"search_term_string"}}],"inLanguage":"en-GB"},{"@type":"Organization","@id":"http:\/\/afriquecreative.fr\/#organization","name":"Creative Africa","url":"http:\/\/afriquecreative.fr\/","logo":{"@type":"ImageObject","inLanguage":"en-GB","@id":"http:\/\/afriquecreative.fr\/#\/schema\/logo\/image\/","url":"https:\/\/afriquecreative.fr\/wp-content\/uploads\/2021\/04\/logo-lg.svg","contentUrl":"https:\/\/afriquecreative.fr\/wp-content\/uploads\/2021\/04\/logo-lg.svg","width":1,"height":1,"caption":"Afrique Cr\u00e9ative"},"image":{"@id":"http:\/\/afriquecreative.fr\/#\/schema\/logo\/image\/"},"sameAs":["https:\/\/www.facebook.com\/afriquecreative\/","https:\/\/www.instagram.com\/afrique.creative\/?hl=en"]}]}},"_links":{"self":[{"href":"https:\/\/afriquecreative.fr\/en\/wp-json\/wp\/v2\/pages\/8480","targetHints":{"allow":["GET"]}}],"collection":[{"href":"https:\/\/afriquecreative.fr\/en\/wp-json\/wp\/v2\/pages"}],"about":[{"href":"https:\/\/afriquecreative.fr\/en\/wp-json\/wp\/v2\/types\/page"}],"author":[{"embeddable":true,"href":"https:\/\/afriquecreative.fr\/en\/wp-json\/wp\/v2\/users\/58"}],"replies":[{"embeddable":true,"href":"https:\/\/afriquecreative.fr\/en\/wp-json\/wp\/v2\/comments?post=8480"}],"version-history":[{"count":0,"href":"https:\/\/afriquecreative.fr\/en\/wp-json\/wp\/v2\/pages\/8480\/revisions"}],"up":[{"embeddable":true,"href":"https:\/\/afriquecreative.fr\/en\/wp-json\/wp\/v2\/pages\/1932"}],"wp:attachment":[{"href":"https:\/\/afriquecreative.fr\/en\/wp-json\/wp\/v2\/media?parent=8480"}],"curies":[{"name":"wp","href":"https:\/\/api.w.org\/{rel}","templated":true}]}}