{"id":8485,"date":"2025-11-12T15:43:13","date_gmt":"2025-11-12T15:43:13","guid":{"rendered":"https:\/\/afriquecreative.fr\/?page_id=8485"},"modified":"2025-11-18T14:43:15","modified_gmt":"2025-11-18T14:43:15","slug":"3rd-edition-africa-creative-capitalisation","status":"publish","type":"page","link":"https:\/\/afriquecreative.fr\/en\/2023-afrique-creative-partenaire-de-talents\/3eme-edition-afrique-creative-capitalisation\/","title":{"rendered":"3rd edition Creative Africa \u2013 Capitalization"},"content":{"rendered":"<div data-elementor-type=\"wp-page\" data-elementor-id=\"8485\" class=\"elementor elementor-8485\" data-elementor-post-type=\"page\">\n\t\t\t\t\t\t<section class=\"elementor-section elementor-top-section elementor-element elementor-element-652224e elementor-section-boxed elementor-section-height-default elementor-section-height-default\" data-id=\"652224e\" data-element_type=\"section\" data-e-type=\"section\">\n\t\t\t\t\t\t<div class=\"elementor-container elementor-column-gap-default\">\n\t\t\t\t\t<div class=\"elementor-column elementor-col-100 elementor-top-column elementor-element elementor-element-335deffe\" data-id=\"335deffe\" data-element_type=\"column\" data-e-type=\"column\">\n\t\t\t<div class=\"elementor-widget-wrap elementor-element-populated\">\n\t\t\t\t\t\t<div class=\"elementor-element elementor-element-7981b7d elementor-widget elementor-widget-text-editor\" data-id=\"7981b7d\" data-element_type=\"widget\" data-e-type=\"widget\" data-widget_type=\"text-editor.default\">\n\t\t\t\t\t\t\t\t\t<p>Learn more about the third edition of the Creative Africa program (2024-2025). Download our capitalization booklet!<\/p>\t\t\t\t\t\t\t\t<\/div>\n\t\t\t\t<div class=\"elementor-element elementor-element-234dc7a elementor-align-center elementor-widget elementor-widget-button\" data-id=\"234dc7a\" data-element_type=\"widget\" data-e-type=\"widget\" data-widget_type=\"button.default\">\n\t\t\t\t\t\t\t\t\t\t<a class=\"elementor-button elementor-button-link elementor-size-sm\" href=\"https:\/\/afriquecreative.fr\/wp-content\/uploads\/2025\/11\/Livret-de-capitalisation-phase-3.pdf\" target=\"_blank\">\n\t\t\t\t\t\t<span class=\"elementor-button-content-wrapper\">\n\t\t\t\t\t\t\t\t\t<span class=\"elementor-button-text\">French &amp; English versions<\/span>\n\t\t\t\t\t<\/span>\n\t\t\t\t\t<\/a>\n\t\t\t\t\t\t\t\t<\/div>\n\t\t\t\t\t<\/div>\n\t\t<\/div>\n\t\t\t\t\t<\/div>\n\t\t<\/section>\n\t\t<div class=\"elementor-element elementor-element-e32be93 e-flex e-con-boxed e-con e-parent\" data-id=\"e32be93\" data-element_type=\"container\" data-e-type=\"container\">\n\t\t\t\t\t<div class=\"e-con-inner\">\n\t\t\t\t<div class=\"elementor-element elementor-element-63975a7 elementor-widget__width-initial elementor-widget elementor-widget-image\" data-id=\"63975a7\" data-element_type=\"widget\" data-e-type=\"widget\" data-widget_type=\"image.default\">\n\t\t\t\t\t\t\t\t\t\t\t\t\t\t\t\t<a href=\"https:\/\/afriquecreative.fr\/wp-content\/uploads\/2025\/11\/Livret-de-capitalisation-phase-3.pdf\">\n\t\t\t\t\t\t\t<img fetchpriority=\"high\" decoding=\"async\" width=\"670\" height=\"951\" src=\"https:\/\/afriquecreative.fr\/wp-content\/uploads\/2025\/11\/Capture-decran-2025-11-18-152001.jpg\" class=\"attachment-large size-large wp-image-8502\" alt=\"\" srcset=\"https:\/\/afriquecreative.fr\/wp-content\/uploads\/2025\/11\/Capture-decran-2025-11-18-152001.jpg 670w, https:\/\/afriquecreative.fr\/wp-content\/uploads\/2025\/11\/Capture-decran-2025-11-18-152001-211x300.jpg 211w, https:\/\/afriquecreative.fr\/wp-content\/uploads\/2025\/11\/Capture-decran-2025-11-18-152001-8x12.jpg 8w\" sizes=\"(max-width: 670px) 100vw, 670px\" \/>\t\t\t\t\t\t\t\t<\/a>\n\t\t\t\t\t\t\t\t\t\t\t\t\t\t\t<\/div>\n\t\t\t\t\t<\/div>\n\t\t\t\t<\/div>\n\t\t\t\t<\/div>","protected":false},"excerpt":{"rendered":"<p>Apprenez en plus sur la troisi\u00e8me \u00e9dition du programme Afrique Cr\u00e9ative (2024-2025). T\u00e9l\u00e9chargez notre livret de capitalisation ! VERSION FR &amp; EN<\/p>","protected":false},"author":6,"featured_media":0,"parent":4243,"menu_order":2,"comment_status":"closed","ping_status":"closed","template":"","meta":{"_acf_changed":false,"footnotes":""},"class_list":["post-8485","page","type-page","status-publish","hentry"],"acf":[],"yoast_head":"<!-- This site is optimized with the Yoast SEO plugin v27.4 - https:\/\/yoast.com\/product\/yoast-seo-wordpress\/ -->\n<title>3\u00e8me \u00e9dition Afrique Cr\u00e9ative - Capitalisation - Afrique cr\u00e9ative<\/title>\n<meta name=\"robots\" content=\"index, follow, max-snippet:-1, max-image-preview:large, max-video-preview:-1\" \/>\n<link rel=\"canonical\" href=\"https:\/\/afriquecreative.fr\/en\/2023-africa-creative-talent-partner\/3rd-edition-africa-creative-capitalisation\/\" \/>\n<meta property=\"og:locale\" content=\"en_GB\" \/>\n<meta property=\"og:type\" content=\"article\" \/>\n<meta property=\"og:title\" content=\"3\u00e8me \u00e9dition Afrique Cr\u00e9ative - Capitalisation - Afrique cr\u00e9ative\" \/>\n<meta property=\"og:description\" content=\"Apprenez en plus sur la troisi\u00e8me \u00e9dition du programme Afrique Cr\u00e9ative (2024-2025). T\u00e9l\u00e9chargez notre livret de capitalisation ! VERSION FR &amp; EN\" \/>\n<meta property=\"og:url\" content=\"https:\/\/afriquecreative.fr\/en\/2023-africa-creative-talent-partner\/3rd-edition-africa-creative-capitalisation\/\" \/>\n<meta property=\"og:site_name\" content=\"Afrique cr\u00e9ative\" \/>\n<meta property=\"article:publisher\" content=\"https:\/\/www.facebook.com\/afriquecreative\/\" \/>\n<meta property=\"article:modified_time\" content=\"2025-11-18T14:43:15+00:00\" \/>\n<meta property=\"og:image\" content=\"https:\/\/afriquecreative.fr\/wp-content\/uploads\/2025\/11\/Capture-decran-2025-11-18-152001.jpg\" \/>\n\t<meta property=\"og:image:width\" content=\"670\" \/>\n\t<meta property=\"og:image:height\" content=\"951\" \/>\n\t<meta property=\"og:image:type\" content=\"image\/jpeg\" \/>\n<meta name=\"twitter:card\" content=\"summary_large_image\" \/>\n<meta name=\"twitter:label1\" content=\"Estimated reading time\" \/>\n\t<meta name=\"twitter:data1\" content=\"1 minute\" \/>\n<script type=\"application\/ld+json\" class=\"yoast-schema-graph\">{\"@context\":\"https:\\\/\\\/schema.org\",\"@graph\":[{\"@type\":\"WebPage\",\"@id\":\"https:\\\/\\\/afriquecreative.fr\\\/2023-afrique-creative-partenaire-de-talents\\\/3eme-edition-afrique-creative-capitalisation\\\/\",\"url\":\"https:\\\/\\\/afriquecreative.fr\\\/2023-afrique-creative-partenaire-de-talents\\\/3eme-edition-afrique-creative-capitalisation\\\/\",\"name\":\"3\u00e8me \u00e9dition Afrique Cr\u00e9ative - Capitalisation - Afrique cr\u00e9ative\",\"isPartOf\":{\"@id\":\"http:\\\/\\\/afriquecreative.fr\\\/#website\"},\"primaryImageOfPage\":{\"@id\":\"https:\\\/\\\/afriquecreative.fr\\\/2023-afrique-creative-partenaire-de-talents\\\/3eme-edition-afrique-creative-capitalisation\\\/#primaryimage\"},\"image\":{\"@id\":\"https:\\\/\\\/afriquecreative.fr\\\/2023-afrique-creative-partenaire-de-talents\\\/3eme-edition-afrique-creative-capitalisation\\\/#primaryimage\"},\"thumbnailUrl\":\"https:\\\/\\\/afriquecreative.fr\\\/wp-content\\\/uploads\\\/2025\\\/11\\\/Capture-decran-2025-11-18-152001.jpg\",\"datePublished\":\"2025-11-12T15:43:13+00:00\",\"dateModified\":\"2025-11-18T14:43:15+00:00\",\"breadcrumb\":{\"@id\":\"https:\\\/\\\/afriquecreative.fr\\\/2023-afrique-creative-partenaire-de-talents\\\/3eme-edition-afrique-creative-capitalisation\\\/#breadcrumb\"},\"inLanguage\":\"en-GB\",\"potentialAction\":[{\"@type\":\"ReadAction\",\"target\":[\"https:\\\/\\\/afriquecreative.fr\\\/2023-afrique-creative-partenaire-de-talents\\\/3eme-edition-afrique-creative-capitalisation\\\/\"]}]},{\"@type\":\"ImageObject\",\"inLanguage\":\"en-GB\",\"@id\":\"https:\\\/\\\/afriquecreative.fr\\\/2023-afrique-creative-partenaire-de-talents\\\/3eme-edition-afrique-creative-capitalisation\\\/#primaryimage\",\"url\":\"https:\\\/\\\/afriquecreative.fr\\\/wp-content\\\/uploads\\\/2025\\\/11\\\/Capture-decran-2025-11-18-152001.jpg\",\"contentUrl\":\"https:\\\/\\\/afriquecreative.fr\\\/wp-content\\\/uploads\\\/2025\\\/11\\\/Capture-decran-2025-11-18-152001.jpg\"},{\"@type\":\"BreadcrumbList\",\"@id\":\"https:\\\/\\\/afriquecreative.fr\\\/2023-afrique-creative-partenaire-de-talents\\\/3eme-edition-afrique-creative-capitalisation\\\/#breadcrumb\",\"itemListElement\":[{\"@type\":\"ListItem\",\"position\":1,\"name\":\"Accueil\",\"item\":\"http:\\\/\\\/afriquecreative.fr\\\/\"},{\"@type\":\"ListItem\",\"position\":2,\"name\":\"2023 Afrique Cr\u00e9ative &#8211; Partenaire de talents\",\"item\":\"http:\\\/\\\/afriquecreative.fr\\\/\"},{\"@type\":\"ListItem\",\"position\":3,\"name\":\"3\u00e8me \u00e9dition Afrique Cr\u00e9ative &#8211; Capitalisation\"}]},{\"@type\":\"WebSite\",\"@id\":\"http:\\\/\\\/afriquecreative.fr\\\/#website\",\"url\":\"http:\\\/\\\/afriquecreative.fr\\\/\",\"name\":\"Afrique cr\u00e9ative\",\"description\":\"Partenaire de talents\",\"publisher\":{\"@id\":\"http:\\\/\\\/afriquecreative.fr\\\/#organization\"},\"potentialAction\":[{\"@type\":\"SearchAction\",\"target\":{\"@type\":\"EntryPoint\",\"urlTemplate\":\"http:\\\/\\\/afriquecreative.fr\\\/?s={search_term_string}\"},\"query-input\":{\"@type\":\"PropertyValueSpecification\",\"valueRequired\":true,\"valueName\":\"search_term_string\"}}],\"inLanguage\":\"en-GB\"},{\"@type\":\"Organization\",\"@id\":\"http:\\\/\\\/afriquecreative.fr\\\/#organization\",\"name\":\"Afrique Cr\u00e9ative\",\"url\":\"http:\\\/\\\/afriquecreative.fr\\\/\",\"logo\":{\"@type\":\"ImageObject\",\"inLanguage\":\"en-GB\",\"@id\":\"http:\\\/\\\/afriquecreative.fr\\\/#\\\/schema\\\/logo\\\/image\\\/\",\"url\":\"https:\\\/\\\/afriquecreative.fr\\\/wp-content\\\/uploads\\\/2021\\\/04\\\/logo-lg.svg\",\"contentUrl\":\"https:\\\/\\\/afriquecreative.fr\\\/wp-content\\\/uploads\\\/2021\\\/04\\\/logo-lg.svg\",\"width\":1,\"height\":1,\"caption\":\"Afrique Cr\u00e9ative\"},\"image\":{\"@id\":\"http:\\\/\\\/afriquecreative.fr\\\/#\\\/schema\\\/logo\\\/image\\\/\"},\"sameAs\":[\"https:\\\/\\\/www.facebook.com\\\/afriquecreative\\\/\",\"https:\\\/\\\/www.instagram.com\\\/afrique.creative\\\/?hl=en\"]}]}<\/script>\n<!-- \/ Yoast SEO plugin. -->","yoast_head_json":{"title":"3rd edition Creative Africa - Capitalization - Creative Africa","robots":{"index":"index","follow":"follow","max-snippet":"max-snippet:-1","max-image-preview":"max-image-preview:large","max-video-preview":"max-video-preview:-1"},"canonical":"https:\/\/afriquecreative.fr\/en\/2023-africa-creative-talent-partner\/3rd-edition-africa-creative-capitalisation\/","og_locale":"en_GB","og_type":"article","og_title":"3\u00e8me \u00e9dition Afrique Cr\u00e9ative - Capitalisation - Afrique cr\u00e9ative","og_description":"Apprenez en plus sur la troisi\u00e8me \u00e9dition du programme Afrique Cr\u00e9ative (2024-2025). T\u00e9l\u00e9chargez notre livret de capitalisation ! VERSION FR &amp; EN","og_url":"https:\/\/afriquecreative.fr\/en\/2023-africa-creative-talent-partner\/3rd-edition-africa-creative-capitalisation\/","og_site_name":"Afrique cr\u00e9ative","article_publisher":"https:\/\/www.facebook.com\/afriquecreative\/","article_modified_time":"2025-11-18T14:43:15+00:00","og_image":[{"width":670,"height":951,"url":"https:\/\/afriquecreative.fr\/wp-content\/uploads\/2025\/11\/Capture-decran-2025-11-18-152001.jpg","type":"image\/jpeg"}],"twitter_card":"summary_large_image","twitter_misc":{"Estimated reading time":"1 minute"},"schema":{"@context":"https:\/\/schema.org","@graph":[{"@type":"WebPage","@id":"https:\/\/afriquecreative.fr\/2023-afrique-creative-partenaire-de-talents\/3eme-edition-afrique-creative-capitalisation\/","url":"https:\/\/afriquecreative.fr\/2023-afrique-creative-partenaire-de-talents\/3eme-edition-afrique-creative-capitalisation\/","name":"3rd edition Creative Africa - Capitalization - Creative Africa","isPartOf":{"@id":"http:\/\/afriquecreative.fr\/#website"},"primaryImageOfPage":{"@id":"https:\/\/afriquecreative.fr\/2023-afrique-creative-partenaire-de-talents\/3eme-edition-afrique-creative-capitalisation\/#primaryimage"},"image":{"@id":"https:\/\/afriquecreative.fr\/2023-afrique-creative-partenaire-de-talents\/3eme-edition-afrique-creative-capitalisation\/#primaryimage"},"thumbnailUrl":"https:\/\/afriquecreative.fr\/wp-content\/uploads\/2025\/11\/Capture-decran-2025-11-18-152001.jpg","datePublished":"2025-11-12T15:43:13+00:00","dateModified":"2025-11-18T14:43:15+00:00","breadcrumb":{"@id":"https:\/\/afriquecreative.fr\/2023-afrique-creative-partenaire-de-talents\/3eme-edition-afrique-creative-capitalisation\/#breadcrumb"},"inLanguage":"en-GB","potentialAction":[{"@type":"ReadAction","target":["https:\/\/afriquecreative.fr\/2023-afrique-creative-partenaire-de-talents\/3eme-edition-afrique-creative-capitalisation\/"]}]},{"@type":"ImageObject","inLanguage":"en-GB","@id":"https:\/\/afriquecreative.fr\/2023-afrique-creative-partenaire-de-talents\/3eme-edition-afrique-creative-capitalisation\/#primaryimage","url":"https:\/\/afriquecreative.fr\/wp-content\/uploads\/2025\/11\/Capture-decran-2025-11-18-152001.jpg","contentUrl":"https:\/\/afriquecreative.fr\/wp-content\/uploads\/2025\/11\/Capture-decran-2025-11-18-152001.jpg"},{"@type":"BreadcrumbList","@id":"https:\/\/afriquecreative.fr\/2023-afrique-creative-partenaire-de-talents\/3eme-edition-afrique-creative-capitalisation\/#breadcrumb","itemListElement":[{"@type":"ListItem","position":1,"name":"Accueil","item":"http:\/\/afriquecreative.fr\/"},{"@type":"ListItem","position":2,"name":"2023 Afrique Cr\u00e9ative &#8211; Partenaire de talents","item":"http:\/\/afriquecreative.fr\/"},{"@type":"ListItem","position":3,"name":"3\u00e8me \u00e9dition Afrique Cr\u00e9ative &#8211; Capitalisation"}]},{"@type":"WebSite","@id":"http:\/\/afriquecreative.fr\/#website","url":"http:\/\/afriquecreative.fr\/","name":"Creative Africa","description":"Talent Partner","publisher":{"@id":"http:\/\/afriquecreative.fr\/#organization"},"potentialAction":[{"@type":"SearchAction","target":{"@type":"EntryPoint","urlTemplate":"http:\/\/afriquecreative.fr\/?s={search_term_string}"},"query-input":{"@type":"PropertyValueSpecification","valueRequired":true,"valueName":"search_term_string"}}],"inLanguage":"en-GB"},{"@type":"Organization","@id":"http:\/\/afriquecreative.fr\/#organization","name":"Creative Africa","url":"http:\/\/afriquecreative.fr\/","logo":{"@type":"ImageObject","inLanguage":"en-GB","@id":"http:\/\/afriquecreative.fr\/#\/schema\/logo\/image\/","url":"https:\/\/afriquecreative.fr\/wp-content\/uploads\/2021\/04\/logo-lg.svg","contentUrl":"https:\/\/afriquecreative.fr\/wp-content\/uploads\/2021\/04\/logo-lg.svg","width":1,"height":1,"caption":"Afrique Cr\u00e9ative"},"image":{"@id":"http:\/\/afriquecreative.fr\/#\/schema\/logo\/image\/"},"sameAs":["https:\/\/www.facebook.com\/afriquecreative\/","https:\/\/www.instagram.com\/afrique.creative\/?hl=en"]}]}},"_links":{"self":[{"href":"https:\/\/afriquecreative.fr\/en\/wp-json\/wp\/v2\/pages\/8485","targetHints":{"allow":["GET"]}}],"collection":[{"href":"https:\/\/afriquecreative.fr\/en\/wp-json\/wp\/v2\/pages"}],"about":[{"href":"https:\/\/afriquecreative.fr\/en\/wp-json\/wp\/v2\/types\/page"}],"author":[{"embeddable":true,"href":"https:\/\/afriquecreative.fr\/en\/wp-json\/wp\/v2\/users\/6"}],"replies":[{"embeddable":true,"href":"https:\/\/afriquecreative.fr\/en\/wp-json\/wp\/v2\/comments?post=8485"}],"version-history":[{"count":0,"href":"https:\/\/afriquecreative.fr\/en\/wp-json\/wp\/v2\/pages\/8485\/revisions"}],"up":[{"embeddable":true,"href":"https:\/\/afriquecreative.fr\/en\/wp-json\/wp\/v2\/pages\/4243"}],"wp:attachment":[{"href":"https:\/\/afriquecreative.fr\/en\/wp-json\/wp\/v2\/media?parent=8485"}],"curies":[{"name":"wp","href":"https:\/\/api.w.org\/{rel}","templated":true}]}}